{"id":68,"date":"2025-12-29T13:09:35","date_gmt":"2025-12-29T13:09:35","guid":{"rendered":"https:\/\/wpvip.adportsgroup.com\/noatummaritime\/?page_id=68"},"modified":"2026-01-15T12:16:49","modified_gmt":"2026-01-15T12:16:49","slug":"sobre-nos","status":"publish","type":"page","link":"https:\/\/www.noatum-unicargas-logistics.ao\/pt-pt\/sobre-nos\/","title":{"rendered":"SOBRE N\u00d3S"},"content":{"rendered":"<section class=\"about-section\" class=\"wp-block-meta-box-herobanner-with-backgroundimage\">\n\t<div class=\"container\">\n\t\t<div class=\"row\">\n\t\t\t<div class=\"col-lg-6\">\n\t\t\t\t<div class=\"about-content\">\n\t\t\t\t\t\t\t\t\t\n\t\t\t\t\t<div class=\"herobanner-with-backgroundimage__inner\">\n\t\t\t\t\t\t\t\t\t\t\t\t\t<h1 class=\"about-title\">Sobre a\r\nNoatum Unicargas Logistics<\/h1>\n\t\t\t\t\t\t\t\t\t\t\t\t\t\t\n\t\t\t\t\t\t\t\t\t\t\t\t\t<p class=\"about-description\">\n\t\t\t\t\t\t\tO nosso objetivo \u00e9 prestar um servi\u00e7o com a qualidade mais elevada, oferecendo simultaneamente log\u00edstica e conten\u00e7\u00e3o de custos de transporte em Angola.\t\t\t\t\t\t\t<\/p>\n\t\t\t\t\t\t\t\n\t\t\t\t\t<\/div>\n\t\t\t<\/div>\n\t\t\t<\/div>\n\t\t<\/div>\n\t<\/div>\n\n\t<!-- Background Image -->\n\t<div class=\"about-background\">\n\t\t\t\t\t\t  \n\t\t\t\t\t\t\t\t\t\t<img decoding=\"async\" src=\"https:\/\/www.noatum-unicargas-logistics.ao\/pt-pt\/wp-content\/uploads\/sites\/7\/2025\/12\/about-us-camiones-3.jpg\" alt=\"about-us-camiones-3\" class=\"background-image\">\t\t\t\t  \n\t\t\t\t\t\t<\/div>\n\n\t<!-- Decorative Wave Overlay -->\n\t<div class=\"wave-overlay\">\n\t\t\t\t\t\t \n\t\t\t\t\t\t<img decoding=\"async\" src=\"https:\/\/www.noatum-unicargas-logistics.ao\/pt-pt\/wp-content\/uploads\/sites\/7\/2025\/12\/franja-transparent-2.webp\" alt=\"franja-transparent-2\" class=\"wave-image\">\t\t\t\t   \t\n\t\t\t\t<\/div>\n<\/section>\n\n\n\n\n\n\n<section class=\"logistics-solutions-section\"  class=\"wp-block-meta-box-editorial-text\">\n\t<div class=\"container\">\n\t\t<div class=\"hero-content-wrapper\">\n\t\t\t\t\n\t\t\t<div class=\"row\">\n\t\t\t\t<div class=\"col-12\">\n\t\t\t\t\t\t\t\t\t\t\t<h1 class=\"logistics-solutions-title\">Desenvolvendo solu\u00e7\u00f5es log\u00edsticas para todas as suas necessidades de carga.<\/h1>\n\t\t\t\t\t\t\t\t\t\t<\/h1>\n\t\t\t\t<\/div>\n\t\t\t<\/div>\n\t\t\t<div class=\"row mt-5\">\n\t\t\t\t<div class=\"col-lg-6 mb-4 mb-lg-0\">\n\t\t\t\t\t<p class=\"logistics-solutions-description\">\n\t\t\t\t\t\tA Unicargas \u00e9 uma das maiores empresas do setor dos transportes rodovi\u00e1rios em Angola. Tem vindo a desenvolver continuamente solu\u00e7\u00f5es destinadas a completar a cadeia de abastecimento, desde o ponto de desembarque do navio at\u00e9 ao seu destino final.\t\t\t\t\t<\/p>\n\t\t\t\t<\/div>\n\t\t\t\t\t\t\t\t\t<div class=\"col-lg-6\">\n\t\t\t\t\t\t<p class=\"logistics-solutions-description\">\n\t\t\t\t\t\t\tWith over 35 years of operational excellence in Angola, Unicargas has established a strategic partnership with Noatum Logistics to jointly lead the market as the premier freight forwarder and logistics operator.\t\t\t\t\t\t<\/p>\n\t\t\t\t\t<\/div>\n\t\t\t\t\t\t\t<\/div>\n\t\t<\/div>\n\t<\/div>\n\t\t\t\t\t \n\t\t<div class=\"wave-background\">\n\t\t\t<img decoding=\"async\" src=\"https:\/\/www.noatum-unicargas-logistics.ao\/pt-pt\/wp-content\/uploads\/sites\/7\/2025\/12\/servicesbottom2.webp\" alt=\"servicesbottom2\" class=\"wave-image\"\/>\t\t \n\t\t<\/div>\n  <\/section>","protected":false},"excerpt":{"rendered":"","protected":false},"author":30,"featured_media":0,"parent":0,"menu_order":0,"comment_status":"closed","ping_status":"closed","template":"","meta":{"_acf_changed":false,"_trash_the_other_posts":false,"editor_notices":[],"footnotes":""},"class_list":["post-68","page","type-page","status-publish","hentry"],"acf":[],"yoast_head":"<!-- This site is optimized with the Yoast SEO plugin v27.4 - https:\/\/yoast.com\/product\/yoast-seo-wordpress\/ -->\n<title>SOBRE N\u00d3S - noatum unicargas<\/title>\n<meta name=\"robots\" content=\"index, follow, max-snippet:-1, max-image-preview:large, max-video-preview:-1\" \/>\n<link rel=\"canonical\" href=\"https:\/\/www.noatum-unicargas-logistics.ao\/pt-pt\/sobre-nos\/\" \/>\n<meta property=\"og:locale\" content=\"en_US\" \/>\n<meta property=\"og:type\" content=\"article\" \/>\n<meta property=\"og:title\" content=\"SOBRE N\u00d3S - noatum unicargas\" \/>\n<meta property=\"og:url\" content=\"https:\/\/www.noatum-unicargas-logistics.ao\/pt-pt\/sobre-nos\/\" \/>\n<meta property=\"og:site_name\" content=\"Noatum PT\" \/>\n<meta property=\"article:modified_time\" content=\"2026-01-15T12:16:49+00:00\" \/>\n<meta name=\"twitter:card\" content=\"summary_large_image\" \/>\n<script type=\"application\/ld+json\" class=\"yoast-schema-graph\">{\"@context\":\"https:\\\/\\\/schema.org\",\"@graph\":[{\"@type\":\"WebPage\",\"@id\":\"https:\\\/\\\/www.noatum-unicargas-logistics.ao\\\/pt-pt\\\/sobre-nos\\\/\",\"url\":\"https:\\\/\\\/www.noatum-unicargas-logistics.ao\\\/pt-pt\\\/sobre-nos\\\/\",\"name\":\"SOBRE N\u00d3S - noatum unicargas\",\"isPartOf\":{\"@id\":\"https:\\\/\\\/www.noatum-unicargas-logistics.ao\\\/pt-pt\\\/#website\"},\"datePublished\":\"2025-12-29T13:09:35+00:00\",\"dateModified\":\"2026-01-15T12:16:49+00:00\",\"breadcrumb\":{\"@id\":\"https:\\\/\\\/www.noatum-unicargas-logistics.ao\\\/pt-pt\\\/sobre-nos\\\/#breadcrumb\"},\"inLanguage\":\"en-US\",\"potentialAction\":[{\"@type\":\"ReadAction\",\"target\":[\"https:\\\/\\\/www.noatum-unicargas-logistics.ao\\\/pt-pt\\\/sobre-nos\\\/\"]}]},{\"@type\":\"BreadcrumbList\",\"@id\":\"https:\\\/\\\/www.noatum-unicargas-logistics.ao\\\/pt-pt\\\/sobre-nos\\\/#breadcrumb\",\"itemListElement\":[{\"@type\":\"ListItem\",\"position\":1,\"name\":\"Home\",\"item\":\"https:\\\/\\\/www.noatum-unicargas-logistics.ao\\\/pt-pt\\\/\"},{\"@type\":\"ListItem\",\"position\":2,\"name\":\"SOBRE N\u00d3S\"}]},{\"@type\":\"WebSite\",\"@id\":\"https:\\\/\\\/www.noatum-unicargas-logistics.ao\\\/pt-pt\\\/#website\",\"url\":\"https:\\\/\\\/www.noatum-unicargas-logistics.ao\\\/pt-pt\\\/\",\"name\":\"Noatum PT\",\"description\":\"\",\"potentialAction\":[{\"@type\":\"SearchAction\",\"target\":{\"@type\":\"EntryPoint\",\"urlTemplate\":\"https:\\\/\\\/www.noatum-unicargas-logistics.ao\\\/pt-pt\\\/?s={search_term_string}\"},\"query-input\":{\"@type\":\"PropertyValueSpecification\",\"valueRequired\":true,\"valueName\":\"search_term_string\"}}],\"inLanguage\":\"en-US\"}]}<\/script>\n<!-- \/ Yoast SEO plugin. -->","yoast_head_json":{"title":"SOBRE N\u00d3S - noatum unicargas","robots":{"index":"index","follow":"follow","max-snippet":"max-snippet:-1","max-image-preview":"max-image-preview:large","max-video-preview":"max-video-preview:-1"},"canonical":"https:\/\/www.noatum-unicargas-logistics.ao\/pt-pt\/sobre-nos\/","og_locale":"en_US","og_type":"article","og_title":"SOBRE N\u00d3S - noatum unicargas","og_url":"https:\/\/www.noatum-unicargas-logistics.ao\/pt-pt\/sobre-nos\/","og_site_name":"Noatum PT","article_modified_time":"2026-01-15T12:16:49+00:00","twitter_card":"summary_large_image","schema":{"@context":"https:\/\/schema.org","@graph":[{"@type":"WebPage","@id":"https:\/\/www.noatum-unicargas-logistics.ao\/pt-pt\/sobre-nos\/","url":"https:\/\/www.noatum-unicargas-logistics.ao\/pt-pt\/sobre-nos\/","name":"SOBRE N\u00d3S - noatum unicargas","isPartOf":{"@id":"https:\/\/www.noatum-unicargas-logistics.ao\/pt-pt\/#website"},"datePublished":"2025-12-29T13:09:35+00:00","dateModified":"2026-01-15T12:16:49+00:00","breadcrumb":{"@id":"https:\/\/www.noatum-unicargas-logistics.ao\/pt-pt\/sobre-nos\/#breadcrumb"},"inLanguage":"en-US","potentialAction":[{"@type":"ReadAction","target":["https:\/\/www.noatum-unicargas-logistics.ao\/pt-pt\/sobre-nos\/"]}]},{"@type":"BreadcrumbList","@id":"https:\/\/www.noatum-unicargas-logistics.ao\/pt-pt\/sobre-nos\/#breadcrumb","itemListElement":[{"@type":"ListItem","position":1,"name":"Home","item":"https:\/\/www.noatum-unicargas-logistics.ao\/pt-pt\/"},{"@type":"ListItem","position":2,"name":"SOBRE N\u00d3S"}]},{"@type":"WebSite","@id":"https:\/\/www.noatum-unicargas-logistics.ao\/pt-pt\/#website","url":"https:\/\/www.noatum-unicargas-logistics.ao\/pt-pt\/","name":"Noatum PT","description":"","potentialAction":[{"@type":"SearchAction","target":{"@type":"EntryPoint","urlTemplate":"https:\/\/www.noatum-unicargas-logistics.ao\/pt-pt\/?s={search_term_string}"},"query-input":{"@type":"PropertyValueSpecification","valueRequired":true,"valueName":"search_term_string"}}],"inLanguage":"en-US"}]}},"jetpack_sharing_enabled":true,"meta_box":[],"_links":{"self":[{"href":"https:\/\/www.noatum-unicargas-logistics.ao\/pt-pt\/wp-json\/wp\/v2\/pages\/68","targetHints":{"allow":["GET"]}}],"collection":[{"href":"https:\/\/www.noatum-unicargas-logistics.ao\/pt-pt\/wp-json\/wp\/v2\/pages"}],"about":[{"href":"https:\/\/www.noatum-unicargas-logistics.ao\/pt-pt\/wp-json\/wp\/v2\/types\/page"}],"author":[{"embeddable":true,"href":"https:\/\/www.noatum-unicargas-logistics.ao\/pt-pt\/wp-json\/wp\/v2\/users\/30"}],"replies":[{"embeddable":true,"href":"https:\/\/www.noatum-unicargas-logistics.ao\/pt-pt\/wp-json\/wp\/v2\/comments?post=68"}],"version-history":[{"count":8,"href":"https:\/\/www.noatum-unicargas-logistics.ao\/pt-pt\/wp-json\/wp\/v2\/pages\/68\/revisions"}],"predecessor-version":[{"id":225,"href":"https:\/\/www.noatum-unicargas-logistics.ao\/pt-pt\/wp-json\/wp\/v2\/pages\/68\/revisions\/225"}],"wp:attachment":[{"href":"https:\/\/www.noatum-unicargas-logistics.ao\/pt-pt\/wp-json\/wp\/v2\/media?parent=68"}],"curies":[{"name":"wp","href":"https:\/\/api.w.org\/{rel}","templated":true}]}}