{"id":38,"date":"2025-12-29T11:04:09","date_gmt":"2025-12-29T11:04:09","guid":{"rendered":"https:\/\/wpvip.adportsgroup.com\/noatummaritime\/?page_id=38"},"modified":"2026-03-25T15:39:56","modified_gmt":"2026-03-25T15:39:56","slug":"frontpage","status":"publish","type":"page","link":"https:\/\/www.noatum-unicargas-logistics.ao\/pt-pt\/","title":{"rendered":"Frontpage"},"content":{"rendered":"<section class=\"hero d-flex\" class=\"wp-block-meta-box-herobanner-with-contactus\">\n\n\t\n    <div class=\"hero-background\">\n\t\t\t\t\t<img decoding=\"async\" src=\"https:\/\/www.noatum-unicargas-logistics.ao\/pt-pt\/wp-content\/uploads\/sites\/7\/2025\/12\/Home-head.webp\" alt=\"Home-head\" class=\"hero-bg-image\">\n\t\t    <\/div>\n\n    <div class=\"container\">\n        <div class=\"row pt-5\">\n            <div class=\"col-lg-7\">\n                <div class=\"mb-4\">\n                    \t\t\t\t\t\t<h1>Simplificando A Sua Cadeia De Abastecimento Do Cais \u00c0 Porta<\/h1>\n\t\t\t\t\t\t\t\t\t\t\t\t\t\t\t\t<p class=\"banner-text\">O principal transit\u00e1rio e operador log\u00edstico angolano a impulsionar o crescimento do seu neg\u00f3cio.<\/p>\n\t\t\t\t\t                <\/div>\n            <\/div>\n\n            <div class=\"col-lg-5 pt-5\">\n                <div class=\"cta-card p-4\">\n                    <div>\n                        <div class=\"d-flex align-items-start gap-3\">\n                            <div class=\"circle-profile\">\n\t\t\t\t\t\t\t\t\t\t\t\t\t\t\t\t\t<img decoding=\"async\" src=\"https:\/\/www.noatum-unicargas-logistics.ao\/pt-pt\/wp-content\/uploads\/sites\/7\/2025\/12\/url-copy2.jpg\" alt=\"url-copy2\" class=\"cta-avatar\">\n\t\t\t\t\t\t\t\t                            <\/div>\n                            <div>\n\t\t\t\t\t\t\t\t\t\t\t\t\t\t\t\t\t<h6 class=\"has-medium\">\n\t\t\t\t\t\t\t\t\t\t<strong>Ligue-se facilmente<\/strong>\n\t\t\t\t\t\t\t\t\t<\/h6>\n\t\t\t\t\t\t\t\t\t\t\t\t\t\t\t\t\t\t\t\t\t\t\t\t\t<div class=\"red-text\">Contacte um especialista<\/div>\n\t\t\t\t\t\t\t\t\t\t\t\t\t\t\t\t\t\t\t\t\t\t\t\t\t<p class=\"small\">Entraremos em contacto consigo em breve com as informa\u00e7\u00f5es de que necessita.<\/p>\n\t\t\t\t\t\t\t\t                            <\/div>\n                        <\/div>\n\t\t\t\t\t\t\t     \n\t\t\t\t\t\t\t<a href=\"https:\/\/www.noatum-unicargas-logistics.ao\/pt-pt\/contacte-nos\/\" class=\"button\">Contacte-nos<\/a>\n\t\t\t\t\t\t\t \n                    <\/div>\n                <\/div>\n            <\/div>\n        <\/div>\n    <\/div>\n\t\t\t<img\n\t\t\tsrc=\"https:\/\/www.noatum-unicargas-logistics.ao\/pt-pt\/wp-content\/uploads\/sites\/7\/2025\/12\/franjahome.webp\"\n\t\t\talt=\"franjahome\"\n\t\t\tclass=\"hero-arc\"\n\t\t\/>\t\n\t<\/section>\n\n\n\n<section class=\"image-text-block image-text-block--border-left blue wp-block-meta-box-text-with-image\">\n\n  <div class=\"container\">\n\t<div class=\"image-text-block_heading\">\n\t\t\t\t\t\t\t\t\t<h2 class=\"image-text-block_heading\">O Seu Agente Transit\u00e1rio<\/h2>\n\t\t\t\t\n\t\t\t\t<div class=\"image-text-block_maindescription\">\n\t\t\t\t\t\t\t\t\t<p>Na Noatum Unicargas Logistics enfrentamos qualquer desafio e imprevisto nas necessidades log\u00edsticas dos nossos clientes gra\u00e7as aos nossos tr\u00eas pontos fortes: uma vasta experi\u00eancia no setor, um profundo conhecimento local e importantes sinergias com parceiros-chave, o que nos permite oferecer um servi\u00e7o completo, seguro e resiliente, adapt\u00e1vel \u00e0s mais elevadas exig\u00eancias de v\u00e1rios setores.<\/p>\n\t\t\t\t\n\t\t\t<div class=\"image-text-block_container\">\n\t\t\t\t\t\t\n\t\t\t<div class=\"image-text-block_content\">\n\t\t\t\t\n\t\t\t\t\t\n\n\t\t\t\t\n\t\t\t\t\t \t\n\t\t\t<\/div>\n\t\t<\/div>\n  <\/div>\n<\/section>\n\n<section class=\"highlighter-section\" class=\"wp-block-meta-box-highlight-box\">\n<div class=\"highlighter-container\">\n    \n            <h2 class=\"highlighter-title\">Sobre N\u00f3s<\/h2>\n    \t\n\t\n\t<div class=\"highlighter-content\">\n         \t\t\t\t<p class=\"highlighter-text\">Somos uma das maiores empresas de transporte de mercadorias no mercado angolano.<\/p>\n\t\t         \t     \n\t\t <a href=\"https:\/\/www.noatum-unicargas-logistics.ao\/pt-pt\/sobre-nos\/\" class=\"highlighter-btn\">\n\t\t\tVer mais\t\t  <\/a>\n\t   \t \n      <\/div>   \n<\/div>\n<\/section>\n\n\n\r\n<!-- =============== HTML STRUCTURE =============== -->\r\n<section class=\"services\">\r\n    <div class=\"container\">\r\n\r\n        <div class=\"row\">\r\n            <div class=\"col-lg-5\">\r\n                <h2 class=\"mb-4\">Os Nossos Servi\u00e7os<\/h2>\r\n                                    <p class=\"desc\">\r\n                        <p>A nossa gama completa de servi\u00e7os de expedi\u00e7\u00e3o de mercadorias cobre todo o mundo por terra, ar e mar. Oferecemos excelentes servi\u00e7os completos, desde o desembarque at\u00e9 \u00e0 entrega final com a nossa pr\u00f3pria frota terrestre em Angola.<\/p>\n                    <\/p>\r\n                            <\/div>\r\n            <div class=\"col-lg-5 offset-lg-1 text-vert\">\r\n                <div class=\"text-vertical\">\r\n                    <div class=\"service-list\">\r\n                                                    <div class=\"service-item active\" data-slide=\"0\">\r\n\t\t\t\t\t\t\t\t\t\t\t\t\t\t\t\t\t<img decoding=\"async\" src=\"https:\/\/www.noatum-unicargas-logistics.ao\/pt-pt\/wp-content\/uploads\/sites\/7\/2025\/12\/download.png\" alt=\"\" class=\"red-marker\">\r\n\t\t\t\t\t\t\t\t                                Frete A\u00e9reo                            <\/div>\r\n                                                    <div class=\"service-item\" data-slide=\"1\">\r\n\t\t\t\t\t\t\t\t\t\t\t\t\t\t\t\t\t<img decoding=\"async\" src=\"https:\/\/www.noatum-unicargas-logistics.ao\/pt-pt\/wp-content\/uploads\/sites\/7\/2025\/12\/download.png\" alt=\"\" class=\"red-marker\">\r\n\t\t\t\t\t\t\t\t                                Frete Mar\u00edtimo                            <\/div>\r\n                                                    <div class=\"service-item\" data-slide=\"2\">\r\n\t\t\t\t\t\t\t\t\t\t\t\t\t\t\t\t\t<img decoding=\"async\" src=\"https:\/\/www.noatum-unicargas-logistics.ao\/pt-pt\/wp-content\/uploads\/sites\/7\/2025\/12\/download.png\" alt=\"\" class=\"red-marker\">\r\n\t\t\t\t\t\t\t\t                                Transporte Rodovi\u00e1rio e Frete Ferrovi\u00e1rio                            <\/div>\r\n                                                    <div class=\"service-item\" data-slide=\"3\">\r\n\t\t\t\t\t\t\t\t\t\t\t\t\t\t\t\t\t<img decoding=\"async\" src=\"https:\/\/www.noatum-unicargas-logistics.ao\/pt-pt\/wp-content\/uploads\/sites\/7\/2025\/12\/download.png\" alt=\"\" class=\"red-marker\">\r\n\t\t\t\t\t\t\t\t                                Armazenamento e distribui\u00e7\u00e3o                            <\/div>\r\n                                                    <div class=\"service-item\" data-slide=\"4\">\r\n\t\t\t\t\t\t\t\t\t\t\t\t\t\t\t\t\t<img decoding=\"async\" src=\"https:\/\/www.noatum-unicargas-logistics.ao\/pt-pt\/wp-content\/uploads\/sites\/7\/2025\/12\/download.png\" alt=\"\" class=\"red-marker\">\r\n\t\t\t\t\t\t\t\t                                Agente aduaneiro                            <\/div>\r\n                                                    <div class=\"service-item\" data-slide=\"5\">\r\n\t\t\t\t\t\t\t\t\t\t\t\t\t\t\t\t\t<img decoding=\"async\" src=\"https:\/\/www.noatum-unicargas-logistics.ao\/pt-pt\/wp-content\/uploads\/sites\/7\/2025\/12\/download.png\" alt=\"\" class=\"red-marker\">\r\n\t\t\t\t\t\t\t\t                                Servi\u00e7os de petr\u00f3leo e g\u00e1s                            <\/div>\r\n                                                    <div class=\"service-item\" data-slide=\"6\">\r\n\t\t\t\t\t\t\t\t\t\t\t\t\t\t\t\t\t<img decoding=\"async\" src=\"https:\/\/www.noatum-unicargas-logistics.ao\/pt-pt\/wp-content\/uploads\/sites\/7\/2025\/12\/download.png\" alt=\"\" class=\"red-marker\">\r\n\t\t\t\t\t\t\t\t                                Centros log\u00edsticos                            <\/div>\r\n                                                    <div class=\"service-item\" data-slide=\"7\">\r\n\t\t\t\t\t\t\t\t\t\t\t\t\t\t\t\t\t<img decoding=\"async\" src=\"https:\/\/www.noatum-unicargas-logistics.ao\/pt-pt\/wp-content\/uploads\/sites\/7\/2025\/12\/download.png\" alt=\"\" class=\"red-marker\">\r\n\t\t\t\t\t\t\t\t                                Solu\u00e7\u00f5es log\u00edsticas completas                            <\/div>\r\n                                            <\/div>\r\n                <\/div>\r\n            <\/div>\r\n        <\/div>\r\n\r\n        <div class=\"row mt-5\">\r\n            <div class=\"col-lg-4 d-flex align-items-end\">\r\n                <div class=\"image-title\" id=\"imgTitle\">\r\n                                            <a href=\"https:\/\/www.noatum-unicargas-logistics.ao\/pt-pt\/frete-aereo\">Frete A\u00e9reo<\/a>\r\n                                    <\/div>\r\n            <\/div>\r\n\r\n            <div class=\"image-wrap col-lg-8\">\r\n                <div class=\"image-slider\"\r\n\t\t\t\tdata-titles=\"[&quot;Frete A\\u00e9reo&quot;,&quot;Frete Mar\\u00edtimo&quot;,&quot;Transporte Rodovi\\u00e1rio e Frete Ferrovi\\u00e1rio&quot;,&quot;Armazenamento e distribui\\u00e7\\u00e3o&quot;,&quot;Agente aduaneiro&quot;,&quot;Servi\\u00e7os de petr\\u00f3leo e g\\u00e1s&quot;,&quot;Centros log\\u00edsticos&quot;,&quot;Solu\\u00e7\\u00f5es log\\u00edsticas completas&quot;]\"\r\n\t\t\t\tdata-urls=\"[&quot;https:\\\/\\\/www.noatum-unicargas-logistics.ao\\\/pt-pt\\\/frete-aereo&quot;,&quot;https:\\\/\\\/www.noatum-unicargas-logistics.ao\\\/road-transportation-and-rail-freight&quot;,&quot;https:\\\/\\\/www.noatum-unicargas-logistics.ao\\\/pt-pt\\\/armazenamento-e-distribuicao&quot;,&quot;https:\\\/\\\/www.noatum-unicargas-logistics.ao\\\/pt-pt\\\/agente-aduaneiro&quot;,&quot;https:\\\/\\\/www.noatum-unicargas-logistics.ao\\\/oil-gas-services&quot;,&quot;https:\\\/\\\/www.noatum-unicargas-logistics.ao\\\/pt-pt\\\/centros-logisticos&quot;,&quot;https:\\\/\\\/www.noatum-unicargas-logistics.ao\\\/pt-pt\\\/solucoes-logisticas-completas&quot;]\">\r\n\t\t\t\t\r\n                                            <div>\r\n                                                            <a href=\"https:\/\/www.noatum-unicargas-logistics.ao\/pt-pt\/frete-aereo\">\r\n                                    <img decoding=\"async\" src=\"https:\/\/www.noatum-unicargas-logistics.ao\/pt-pt\/wp-content\/uploads\/sites\/7\/2025\/12\/Unicargas-Air_Freight-1024x683-1.jpg?w=1024\" alt=\"Frete A\u00e9reo\" \/>\r\n                                <\/a>\r\n                                                    <\/div>\r\n                                            <div>\r\n                                                            <img decoding=\"async\" src=\"https:\/\/www.noatum-unicargas-logistics.ao\/pt-pt\/wp-content\/uploads\/sites\/7\/2025\/12\/Unicargas-Ocean_Freight-1024x610-1.jpg?w=1024\" alt=\"Frete Mar\u00edtimo\" \/>\r\n                                                    <\/div>\r\n                                            <div>\r\n                                                            <a href=\"https:\/\/www.noatum-unicargas-logistics.ao\/road-transportation-and-rail-freight\">\r\n                                    <img decoding=\"async\" src=\"https:\/\/www.noatum-unicargas-logistics.ao\/pt-pt\/wp-content\/uploads\/sites\/7\/2025\/12\/Unicargas-Inland_transportation-1024x683-1.jpg?w=1024\" alt=\"Transporte Rodovi\u00e1rio e Frete Ferrovi\u00e1rio\" \/>\r\n                                <\/a>\r\n                                                    <\/div>\r\n                                            <div>\r\n                                                            <a href=\"https:\/\/www.noatum-unicargas-logistics.ao\/pt-pt\/armazenamento-e-distribuicao\">\r\n                                    <img decoding=\"async\" src=\"https:\/\/www.noatum-unicargas-logistics.ao\/pt-pt\/wp-content\/uploads\/sites\/7\/2025\/12\/Unicargas-Warehousing-1024x681-1.jpg?w=1024\" alt=\"Armazenamento e distribui\u00e7\u00e3o\" \/>\r\n                                <\/a>\r\n                                                    <\/div>\r\n                                            <div>\r\n                                                            <a href=\"https:\/\/www.noatum-unicargas-logistics.ao\/pt-pt\/agente-aduaneiro\">\r\n                                    <img decoding=\"async\" src=\"https:\/\/www.noatum-unicargas-logistics.ao\/pt-pt\/wp-content\/uploads\/sites\/7\/2025\/12\/Unicargas-Customs_Broker-1024x684-1.jpg?w=1024\" alt=\"Agente aduaneiro\" \/>\r\n                                <\/a>\r\n                                                    <\/div>\r\n                                            <div>\r\n                                                            <a href=\"https:\/\/www.noatum-unicargas-logistics.ao\/oil-gas-services\">\r\n                                    <img decoding=\"async\" src=\"https:\/\/www.noatum-unicargas-logistics.ao\/pt-pt\/wp-content\/uploads\/sites\/7\/2025\/12\/Unicargas-Oilgas-1024x585-1.jpg?w=1024\" alt=\"Servi\u00e7os de petr\u00f3leo e g\u00e1s\" \/>\r\n                                <\/a>\r\n                                                    <\/div>\r\n                                            <div>\r\n                                                            <a href=\"https:\/\/www.noatum-unicargas-logistics.ao\/pt-pt\/centros-logisticos\">\r\n                                    <img decoding=\"async\" src=\"https:\/\/www.noatum-unicargas-logistics.ao\/pt-pt\/wp-content\/uploads\/sites\/7\/2025\/12\/Unicargas-Logistics_centres-1024x682-1.jpg?w=1024\" alt=\"Centros log\u00edsticos\" \/>\r\n                                <\/a>\r\n                                                    <\/div>\r\n                                            <div>\r\n                                                            <a href=\"https:\/\/www.noatum-unicargas-logistics.ao\/pt-pt\/solucoes-logisticas-completas\">\r\n                                    <img decoding=\"async\" src=\"https:\/\/www.noatum-unicargas-logistics.ao\/pt-pt\/wp-content\/uploads\/sites\/7\/2025\/12\/Unicargas-Comprenensive_logistics_solutions-1024x683-1.jpg?w=1024\" alt=\"Solu\u00e7\u00f5es log\u00edsticas completas\" \/>\r\n                                <\/a>\r\n                                                    <\/div>\r\n                                    <\/div>\r\n            <\/div>\r\n\t\t\t<div class=\"image-title mobile-title\" id=\"imgTitleMobile\"><\/div>\r\n\t\t\t<div class=\"controls mt-3\">\r\n\t\t\t\t<div class=\"arrow prev\"><i class=\"fa-solid fa-arrow-left\" style=\"color: #ffffff;\"><\/i><\/div>\r\n\t\t\t\t<div class=\"arrow next\"><i class=\"fa-solid fa-arrow-right\" style=\"color: #ffffff;\"><\/i><\/div>\r\n\t\t\t\t\t\t\t\t\t<a href=\"https:\/\/www.noatum-unicargas-logistics.ao\/services\" class=\"ms-3\">Os nossos servi\u00e7os<\/a>\r\n\t\t\t\t\t\t\t<\/div>\r\n        <\/div>\r\n    <\/div>\r\n<\/section>\r\n\n\n\n<section class=\"image-text-block image-text-block--border-left blue wp-block-meta-box-text-with-image\">\n\n  <div class=\"container\">\n\t<div class=\"image-text-block_heading\">\n\t\t\t\t\t\t\t\t\t<h2 class=\"image-text-block_heading\">A Nossa Pegada Global<\/h2>\n\t\t\t\t\n\t\t\t\t<div class=\"image-text-block_maindescription\">\n\t\t\t\t\n\t\t\t<div class=\"image-text-block_container\">\n\t\t\t\t\t\t\t<div class=\"image-text-block_image\">\n\t\t\t\t\t<img decoding=\"async\" src=\"https:\/\/www.noatum-unicargas-logistics.ao\/pt-pt\/wp-content\/uploads\/sites\/7\/2025\/12\/contact-1024x871-1.webp\" alt=\"contact-1024x871\">\n\t\t\t\t<\/div> \t\n\t\t\t\t\t\t\n\t\t\t<div class=\"image-text-block_content\">\n\t\t\t\t\n\t\t\t\t\t\n\n\t\t\t\t\t\n\t\t\t\t\t<div class=\"image-text-block_text\">\n\t\t\t\t\t<p class=\"image-text-block_text\">No mercado Angolano, o nosso Terminal de Carga A\u00e9rea em Catumbela, juntamente com os nossos quatro centros log\u00edsticos em Luanda, Cabinda, Benguela e Luau, cobre praticamente todo o pa\u00eds. Esta extensa rede garante que podemos satisfazer eficazmente as necessidades e exig\u00eancias dos nossos clientes.<\/p>\n\t\t\t\t\t<\/div>\n\t\t\t\t\n\t\t\t\t\t \t\n\t\t\t<\/div>\n\t\t<\/div>\n  <\/div>\n<\/section>\n\n<section class=\"global-coverage\" class=\"wp-block-meta-box-counter-icon-grid\">\r\n<div class=\"container\">\r\n    \r\n            <h2>A Nossa Cobertura Global<\/h2>\r\n    \r\n            <p>Para al\u00e9m da nossa extensa presen\u00e7a local em Angola, as nossas opera\u00e7\u00f5es globais abrangem v\u00e1rios pa\u00edses, empregando uma equipa diversificada e dedicada \u00e0 excel\u00eancia.<\/p>\r\n    \r\n\t        <p>Descubra os principais n\u00fameros que destacam a nossa presen\u00e7a a n\u00edvel mundial:<\/p>\r\n     \r\n\r\n    <div class=\"stats-grid\">\r\n\r\n\r\n                    \r\n                \t\t\t\t\r\n\t\t\t\t <div class=\"stat-box\">\r\n\t\t\t\t\t\t\t\t\t  \r\n\t\t\t\t\t\t<img decoding=\"async\" src=\"https:\/\/www.noatum-unicargas-logistics.ao\/pt-pt\/wp-content\/uploads\/sites\/7\/2025\/12\/icon1.webp\" alt=\"\">\t\t\t\t\t\r\n\t\t\t\t    \t\t\t\t\t<h3 class=\"d-flex\">\r\n\t\t\t\t\t\t\t\t\t\t\t\t\t\t\t\t\t\t<span class=\"counter\" data-target=\"26\">\r\n\t\t\t\t\t\t<\/span>\t\t\t\t\t<\/h3>\r\n\t\t\t\t\t                        <p>PA\u00cdSES<\/p>\r\n                    \t\r\n\t\t\t\t<\/div>\r\n            \r\n                \t\t\t\t\r\n\t\t\t\t <div class=\"stat-box\">\r\n\t\t\t\t\t\t\t\t\t  \r\n\t\t\t\t\t\t<img decoding=\"async\" src=\"https:\/\/www.noatum-unicargas-logistics.ao\/pt-pt\/wp-content\/uploads\/sites\/7\/2025\/12\/icon2.webp\" alt=\"\">\t\t\t\t\t\r\n\t\t\t\t    \t\t\t\t\t<h3 class=\"d-flex\">\r\n\t\t\t\t\t\t\t\t\t\t\t\t\t\t\t\t\t\t<span class=\"counter\" data-target=\"158\">\r\n\t\t\t\t\t\t<\/span>\t\t\t\t\t<\/h3>\r\n\t\t\t\t\t                        <p>PA\u00cdSES COM AGENTES<\/p>\r\n                    \t\r\n\t\t\t\t<\/div>\r\n            \r\n                \t\t\t\t\r\n\t\t\t\t <div class=\"stat-box\">\r\n\t\t\t\t\t\t\t\t\t  \r\n\t\t\t\t\t\t<img decoding=\"async\" src=\"https:\/\/www.noatum-unicargas-logistics.ao\/pt-pt\/wp-content\/uploads\/sites\/7\/2025\/12\/icon3.webp\" alt=\"\">\t\t\t\t\t\r\n\t\t\t\t    \t\t\t\t\t<h3 class=\"d-flex\">\r\n\t\t\t\t\t\t\t\t\t\t\t\t\t\t\t\t\t\t<span class=\"counter\" data-target=\"95\">\r\n\t\t\t\t\t\t<\/span>\t\t\t\t\t<\/h3>\r\n\t\t\t\t\t                        <p>LOCALIZA\u00c7\u00d5ES<\/p>\r\n                    \t\r\n\t\t\t\t<\/div>\r\n            \r\n                \t\t\t\t\r\n\t\t\t\t <div class=\"stat-box\">\r\n\t\t\t\t\t\t\t\t\t  \r\n\t\t\t\t\t\t<img decoding=\"async\" src=\"https:\/\/www.noatum-unicargas-logistics.ao\/pt-pt\/wp-content\/uploads\/sites\/7\/2025\/12\/icon4.webp\" alt=\"\">\t\t\t\t\t\r\n\t\t\t\t    \t\t\t\t\t<h3 class=\"d-flex\">\r\n\t\t\t\t\t\t\t\t\t\t\t\t\t\t\t\t\t\t<span class=\"counter\" data-target=\"44\">\r\n\t\t\t\t\t\t<\/span>\t\t\t\t\t<\/h3>\r\n\t\t\t\t\t                        <p>ARMAZ\u00c9NS (pr\u00f3prios + operados)<\/p>\r\n                    \t\r\n\t\t\t\t<\/div>\r\n            \r\n                \t\t\t\t\r\n\t\t\t\t <div class=\"stat-box\">\r\n\t\t\t\t\t\t\t\t\t  \r\n\t\t\t\t\t\t<img decoding=\"async\" src=\"https:\/\/www.noatum-unicargas-logistics.ao\/pt-pt\/wp-content\/uploads\/sites\/7\/2025\/12\/icon5.webp\" alt=\"\">\t\t\t\t\t\r\n\t\t\t\t    \t\t\t\t\t<h3 class=\"d-flex\">\r\n\t\t\t\t\t\t\t\t\t\t\t\t\t<span class=\"plus\">\t\t\t\t\t\t\r\n\t\t\t\t\t\t\t   +\t\t\t\t\t\t\t<\/span>   \r\n\t\t\t\t\t\t\t\t\t\t\t\t\t\t\t\t\t\t<span class=\"counter\" data-target=\"4250\">\r\n\t\t\t\t\t\t<\/span>\t\t\t\t\t<\/h3>\r\n\t\t\t\t\t                        <p>FUNCION\u00c1RIOS<\/p>\r\n                    \t\r\n\t\t\t\t<\/div>\r\n                    \t \r\n    <\/div>\r\n\t\t  \r\n\t\t<div class=\"button-wrapper\">\t\t  \r\n\t\t <a href=\"https:\/\/www.noatum-unicargas-logistics.ao\/pt-pt\/contacte-nos\/\"> <button class=\"contact-btn\">Contacte-nos<\/button>\t\t\t\t\r\n\t\t  <\/a>\r\n\t   <\/div>\r\n   <\/div>\r\n\t<img\r\n\t\tsrc=\"https:\/\/www.noatum-unicargas-logistics.ao\/pt-pt\/wp-content\/uploads\/sites\/7\/2025\/12\/servicesbottom2.webp\"\r\n\t\talt=\"servicesbottom2\"\r\n\t\tclass=\"eg_footerArc\" \/>\t\r\n<\/section>","protected":false},"excerpt":{"rendered":"","protected":false},"author":30,"featured_media":0,"parent":0,"menu_order":0,"comment_status":"closed","ping_status":"closed","template":"","meta":{"_acf_changed":false,"_trash_the_other_posts":false,"editor_notices":[],"footnotes":""},"class_list":["post-38","page","type-page","status-publish","hentry"],"acf":[],"yoast_head":"<!-- This site is optimized with the Yoast SEO plugin v27.4 - https:\/\/yoast.com\/product\/yoast-seo-wordpress\/ -->\n<title>Home - noatum unicargas<\/title>\n<meta name=\"robots\" content=\"index, follow, max-snippet:-1, max-image-preview:large, max-video-preview:-1\" \/>\n<link rel=\"canonical\" href=\"https:\/\/www.noatum-unicargas-logistics.ao\/pt-pt\/\" \/>\n<meta property=\"og:locale\" content=\"en_US\" \/>\n<meta property=\"og:type\" content=\"article\" \/>\n<meta property=\"og:title\" content=\"Home - noatum unicargas\" \/>\n<meta property=\"og:url\" content=\"https:\/\/www.noatum-unicargas-logistics.ao\/pt-pt\/\" \/>\n<meta property=\"og:site_name\" content=\"Noatum PT\" \/>\n<meta property=\"article:modified_time\" content=\"2026-03-25T15:39:56+00:00\" \/>\n<meta name=\"twitter:card\" content=\"summary_large_image\" \/>\n<script type=\"application\/ld+json\" class=\"yoast-schema-graph\">{\"@context\":\"https:\\\/\\\/schema.org\",\"@graph\":[{\"@type\":\"WebPage\",\"@id\":\"https:\\\/\\\/www.noatum-unicargas-logistics.ao\\\/pt-pt\\\/\",\"url\":\"https:\\\/\\\/www.noatum-unicargas-logistics.ao\\\/pt-pt\\\/\",\"name\":\"Home - noatum unicargas\",\"isPartOf\":{\"@id\":\"https:\\\/\\\/www.noatum-unicargas-logistics.ao\\\/pt-pt\\\/#website\"},\"datePublished\":\"2025-12-29T11:04:09+00:00\",\"dateModified\":\"2026-03-25T15:39:56+00:00\",\"breadcrumb\":{\"@id\":\"https:\\\/\\\/www.noatum-unicargas-logistics.ao\\\/pt-pt\\\/#breadcrumb\"},\"inLanguage\":\"en-US\",\"potentialAction\":[{\"@type\":\"ReadAction\",\"target\":[\"https:\\\/\\\/www.noatum-unicargas-logistics.ao\\\/pt-pt\\\/\"]}]},{\"@type\":\"BreadcrumbList\",\"@id\":\"https:\\\/\\\/www.noatum-unicargas-logistics.ao\\\/pt-pt\\\/#breadcrumb\",\"itemListElement\":[{\"@type\":\"ListItem\",\"position\":1,\"name\":\"Home\",\"item\":\"https:\\\/\\\/www.noatum-unicargas-logistics.ao\\\/pt-pt\\\/\"},{\"@type\":\"ListItem\",\"position\":2,\"name\":\"Frontpage\"}]},{\"@type\":\"WebSite\",\"@id\":\"https:\\\/\\\/www.noatum-unicargas-logistics.ao\\\/pt-pt\\\/#website\",\"url\":\"https:\\\/\\\/www.noatum-unicargas-logistics.ao\\\/pt-pt\\\/\",\"name\":\"Noatum PT\",\"description\":\"\",\"potentialAction\":[{\"@type\":\"SearchAction\",\"target\":{\"@type\":\"EntryPoint\",\"urlTemplate\":\"https:\\\/\\\/www.noatum-unicargas-logistics.ao\\\/pt-pt\\\/?s={search_term_string}\"},\"query-input\":{\"@type\":\"PropertyValueSpecification\",\"valueRequired\":true,\"valueName\":\"search_term_string\"}}],\"inLanguage\":\"en-US\"}]}<\/script>\n<!-- \/ Yoast SEO plugin. -->","yoast_head_json":{"title":"Home - noatum unicargas","robots":{"index":"index","follow":"follow","max-snippet":"max-snippet:-1","max-image-preview":"max-image-preview:large","max-video-preview":"max-video-preview:-1"},"canonical":"https:\/\/www.noatum-unicargas-logistics.ao\/pt-pt\/","og_locale":"en_US","og_type":"article","og_title":"Home - noatum unicargas","og_url":"https:\/\/www.noatum-unicargas-logistics.ao\/pt-pt\/","og_site_name":"Noatum PT","article_modified_time":"2026-03-25T15:39:56+00:00","twitter_card":"summary_large_image","schema":{"@context":"https:\/\/schema.org","@graph":[{"@type":"WebPage","@id":"https:\/\/www.noatum-unicargas-logistics.ao\/pt-pt\/","url":"https:\/\/www.noatum-unicargas-logistics.ao\/pt-pt\/","name":"Home - noatum unicargas","isPartOf":{"@id":"https:\/\/www.noatum-unicargas-logistics.ao\/pt-pt\/#website"},"datePublished":"2025-12-29T11:04:09+00:00","dateModified":"2026-03-25T15:39:56+00:00","breadcrumb":{"@id":"https:\/\/www.noatum-unicargas-logistics.ao\/pt-pt\/#breadcrumb"},"inLanguage":"en-US","potentialAction":[{"@type":"ReadAction","target":["https:\/\/www.noatum-unicargas-logistics.ao\/pt-pt\/"]}]},{"@type":"BreadcrumbList","@id":"https:\/\/www.noatum-unicargas-logistics.ao\/pt-pt\/#breadcrumb","itemListElement":[{"@type":"ListItem","position":1,"name":"Home","item":"https:\/\/www.noatum-unicargas-logistics.ao\/pt-pt\/"},{"@type":"ListItem","position":2,"name":"Frontpage"}]},{"@type":"WebSite","@id":"https:\/\/www.noatum-unicargas-logistics.ao\/pt-pt\/#website","url":"https:\/\/www.noatum-unicargas-logistics.ao\/pt-pt\/","name":"Noatum PT","description":"","potentialAction":[{"@type":"SearchAction","target":{"@type":"EntryPoint","urlTemplate":"https:\/\/www.noatum-unicargas-logistics.ao\/pt-pt\/?s={search_term_string}"},"query-input":{"@type":"PropertyValueSpecification","valueRequired":true,"valueName":"search_term_string"}}],"inLanguage":"en-US"}]}},"jetpack_sharing_enabled":true,"meta_box":[],"_links":{"self":[{"href":"https:\/\/www.noatum-unicargas-logistics.ao\/pt-pt\/wp-json\/wp\/v2\/pages\/38","targetHints":{"allow":["GET"]}}],"collection":[{"href":"https:\/\/www.noatum-unicargas-logistics.ao\/pt-pt\/wp-json\/wp\/v2\/pages"}],"about":[{"href":"https:\/\/www.noatum-unicargas-logistics.ao\/pt-pt\/wp-json\/wp\/v2\/types\/page"}],"author":[{"embeddable":true,"href":"https:\/\/www.noatum-unicargas-logistics.ao\/pt-pt\/wp-json\/wp\/v2\/users\/30"}],"replies":[{"embeddable":true,"href":"https:\/\/www.noatum-unicargas-logistics.ao\/pt-pt\/wp-json\/wp\/v2\/comments?post=38"}],"version-history":[{"count":17,"href":"https:\/\/www.noatum-unicargas-logistics.ao\/pt-pt\/wp-json\/wp\/v2\/pages\/38\/revisions"}],"predecessor-version":[{"id":318,"href":"https:\/\/www.noatum-unicargas-logistics.ao\/pt-pt\/wp-json\/wp\/v2\/pages\/38\/revisions\/318"}],"wp:attachment":[{"href":"https:\/\/www.noatum-unicargas-logistics.ao\/pt-pt\/wp-json\/wp\/v2\/media?parent=38"}],"curies":[{"name":"wp","href":"https:\/\/api.w.org\/{rel}","templated":true}]}}