{"id":181,"date":"2025-12-31T06:07:49","date_gmt":"2025-12-31T06:07:49","guid":{"rendered":"https:\/\/wpvip.adportsgroup.com\/noatummaritime\/?page_id=181"},"modified":"2026-01-05T04:32:43","modified_gmt":"2026-01-05T04:32:43","slug":"servicos-de-petroleo-e-gas","status":"publish","type":"page","link":"https:\/\/www.noatum-unicargas-logistics.ao\/pt-pt\/servicos-de-petroleo-e-gas\/","title":{"rendered":"SERVI\u00c7OS DE PETR\u00d3LEO E G\u00c1S"},"content":{"rendered":"\r\n<section class=\"logistics-services\" class=\"wp-block-meta-box-logistics-services\">\r\n\t\t\t<h1 class=\"main-heading\">Servi\u00e7os De Log\u00edstica<\/h1>\r\n\t\t<div class=\"boxes-grid logisvc-container\">\r\n\r\n\t\t\t\t\t\r\n\t\t\t\t\r\n\t\t\t\t<div class=\"box\">\r\n\t\t\t\t\t<div class=\"box-items\">\r\n\r\n\t\t\t\t\t\t\t\t\t\t\t\t\t<img decoding=\"async\" class=\"box-items-image\"\r\n\t\t\t\t\t\t\t\t src=\"https:\/\/www.noatum-unicargas-logistics.ao\/pt-pt\/wp-content\/uploads\/sites\/7\/2026\/01\/air-freight.png\"\r\n\t\t\t\t\t\t\t\t alt=\"FRETE A\u00c9REO\">\r\n\t\t\t\t\t\t\r\n\t\t\t\t\t\t\t\t\t\t\t\t\t<img decoding=\"async\" class=\"logisvc-arrow\"\r\n\t\t\t\t\t\t\t\t src=\"https:\/\/www.noatum-unicargas-logistics.ao\/pt-pt\/wp-content\/themes\/logistics-parent\/assets\/icons\/diagonal-arrow-right-up.svg\"\r\n\t\t\t\t\t\t\t\t alt=\"arrow\">\r\n\t\t\t\t\t\t\r\n\t\t\t\t\t\t\t\t\t\t\t\t\t\t\t\t\t\t\t\t\t<a href=\"https:\/\/www.noatum-unicargas-logistics.ao\/pt-pt\/frete-aereo\/\">\r\n\t\t\t\t\t\t\t\t\tFRETE A\u00c9REO\t\t\t\t\t\t\t\t<\/a>\r\n\t\t\t\t\t\t\t\t\t\t\t\t\t\r\n\t\t\t\t\t<\/div>\r\n\t\t\t\t<\/div>\r\n\r\n\t\t\t\r\n\t\t\t\t\r\n\t\t\t\t<div class=\"box\">\r\n\t\t\t\t\t<div class=\"box-items\">\r\n\r\n\t\t\t\t\t\t\t\t\t\t\t\t\t<img decoding=\"async\" class=\"box-items-image\"\r\n\t\t\t\t\t\t\t\t src=\"https:\/\/www.noatum-unicargas-logistics.ao\/pt-pt\/wp-content\/uploads\/sites\/7\/2026\/01\/ocean-frieght.webp\"\r\n\t\t\t\t\t\t\t\t alt=\"FRETE MAR\u00cdTIMO\">\r\n\t\t\t\t\t\t\r\n\t\t\t\t\t\t\t\t\t\t\t\t\t<img decoding=\"async\" class=\"logisvc-arrow\"\r\n\t\t\t\t\t\t\t\t src=\"https:\/\/www.noatum-unicargas-logistics.ao\/pt-pt\/wp-content\/themes\/logistics-parent\/assets\/icons\/diagonal-arrow-right-up.svg\"\r\n\t\t\t\t\t\t\t\t alt=\"arrow\">\r\n\t\t\t\t\t\t\r\n\t\t\t\t\t\t\t\t\t\t\t\t\t\t\t\t\t\t\t\t\t<a href=\"https:\/\/www.noatum-unicargas-logistics.ao\/pt-pt\/frete-maritimo\/\">\r\n\t\t\t\t\t\t\t\t\tFRETE MAR\u00cdTIMO\t\t\t\t\t\t\t\t<\/a>\r\n\t\t\t\t\t\t\t\t\t\t\t\t\t\r\n\t\t\t\t\t<\/div>\r\n\t\t\t\t<\/div>\r\n\r\n\t\t\t\r\n\t\t\t\t\r\n\t\t\t\t<div class=\"box\">\r\n\t\t\t\t\t<div class=\"box-items\">\r\n\r\n\t\t\t\t\t\t\t\t\t\t\t\t\t<img decoding=\"async\" class=\"box-items-image\"\r\n\t\t\t\t\t\t\t\t src=\"https:\/\/www.noatum-unicargas-logistics.ao\/pt-pt\/wp-content\/uploads\/sites\/7\/2026\/01\/inland-transportation.png\"\r\n\t\t\t\t\t\t\t\t alt=\"TRANSPORTE RODOVI\u00c1RIO E FRETE FERROVI\u00c1RIO\">\r\n\t\t\t\t\t\t\r\n\t\t\t\t\t\t\t\t\t\t\t\t\t<img decoding=\"async\" class=\"logisvc-arrow\"\r\n\t\t\t\t\t\t\t\t src=\"https:\/\/www.noatum-unicargas-logistics.ao\/pt-pt\/wp-content\/themes\/logistics-parent\/assets\/icons\/diagonal-arrow-right-up.svg\"\r\n\t\t\t\t\t\t\t\t alt=\"arrow\">\r\n\t\t\t\t\t\t\r\n\t\t\t\t\t\t\t\t\t\t\t\t\t\t\t\t\t\t\t\t\t<a href=\"https:\/\/www.noatum-unicargas-logistics.ao\/pt-pt\/transporte-rodoviario-e-frete-ferroviario\/\">\r\n\t\t\t\t\t\t\t\t\tTRANSPORTE RODOVI\u00c1RIO E FRETE FERROVI\u00c1RIO\t\t\t\t\t\t\t\t<\/a>\r\n\t\t\t\t\t\t\t\t\t\t\t\t\t\r\n\t\t\t\t\t<\/div>\r\n\t\t\t\t<\/div>\r\n\r\n\t\t\t\r\n\t\t\t\t\r\n\t\t\t\t<div class=\"box box-border-right\">\r\n\t\t\t\t\t<div class=\"box-items\">\r\n\r\n\t\t\t\t\t\t\t\t\t\t\t\t\t<img decoding=\"async\" class=\"box-items-image\"\r\n\t\t\t\t\t\t\t\t src=\"https:\/\/www.noatum-unicargas-logistics.ao\/pt-pt\/wp-content\/uploads\/sites\/7\/2026\/01\/warehousing.png\"\r\n\t\t\t\t\t\t\t\t alt=\"ARMAZENAMENTO E DISTRIBUI\u00c7\u00c3O\">\r\n\t\t\t\t\t\t\r\n\t\t\t\t\t\t\t\t\t\t\t\t\t<img decoding=\"async\" class=\"logisvc-arrow\"\r\n\t\t\t\t\t\t\t\t src=\"https:\/\/www.noatum-unicargas-logistics.ao\/pt-pt\/wp-content\/themes\/logistics-parent\/assets\/icons\/diagonal-arrow-right-up.svg\"\r\n\t\t\t\t\t\t\t\t alt=\"arrow\">\r\n\t\t\t\t\t\t\r\n\t\t\t\t\t\t\t\t\t\t\t\t\t\t\t\t\t\t\t\t\t<a href=\"https:\/\/www.noatum-unicargas-logistics.ao\/pt-pt\/armazenamento-e-distribuicao\/\">\r\n\t\t\t\t\t\t\t\t\tARMAZENAMENTO E DISTRIBUI\u00c7\u00c3O\t\t\t\t\t\t\t\t<\/a>\r\n\t\t\t\t\t\t\t\t\t\t\t\t\t\r\n\t\t\t\t\t<\/div>\r\n\t\t\t\t<\/div>\r\n\r\n\t\t\t\r\n\t\t\t\t\r\n\t\t\t\t<div class=\"box box-border-bottom\">\r\n\t\t\t\t\t<div class=\"box-items\">\r\n\r\n\t\t\t\t\t\t\t\t\t\t\t\t\t<img decoding=\"async\" class=\"box-items-image\"\r\n\t\t\t\t\t\t\t\t src=\"https:\/\/www.noatum-unicargas-logistics.ao\/pt-pt\/wp-content\/uploads\/sites\/7\/2026\/01\/custom-broker.webp\"\r\n\t\t\t\t\t\t\t\t alt=\"AGENTE ADUANEIRO\">\r\n\t\t\t\t\t\t\r\n\t\t\t\t\t\t\t\t\t\t\t\t\t<img decoding=\"async\" class=\"logisvc-arrow\"\r\n\t\t\t\t\t\t\t\t src=\"https:\/\/www.noatum-unicargas-logistics.ao\/pt-pt\/wp-content\/themes\/logistics-parent\/assets\/icons\/diagonal-arrow-right-up.svg\"\r\n\t\t\t\t\t\t\t\t alt=\"arrow\">\r\n\t\t\t\t\t\t\r\n\t\t\t\t\t\t\t\t\t\t\t\t\t\t\t\t\t\t\t\t\t<a href=\"https:\/\/www.noatum-unicargas-logistics.ao\/pt-pt\/agente-aduaneiro\/\">\r\n\t\t\t\t\t\t\t\t\tAGENTE ADUANEIRO\t\t\t\t\t\t\t\t<\/a>\r\n\t\t\t\t\t\t\t\t\t\t\t\t\t\r\n\t\t\t\t\t<\/div>\r\n\t\t\t\t<\/div>\r\n\r\n\t\t\t\r\n\t\t\t\t\r\n\t\t\t\t<div class=\"box box-border-bottom\">\r\n\t\t\t\t\t<div class=\"box-items\">\r\n\r\n\t\t\t\t\t\t\t\t\t\t\t\t\t<img decoding=\"async\" class=\"box-items-image\"\r\n\t\t\t\t\t\t\t\t src=\"https:\/\/www.noatum-unicargas-logistics.ao\/pt-pt\/wp-content\/uploads\/sites\/7\/2026\/01\/oil-gas.png\"\r\n\t\t\t\t\t\t\t\t alt=\"SERVI\u00c7OS DE PETR\u00d3LEO E G\u00c1S\">\r\n\t\t\t\t\t\t\r\n\t\t\t\t\t\t\t\t\t\t\t\t\t<img decoding=\"async\" class=\"logisvc-arrow\"\r\n\t\t\t\t\t\t\t\t src=\"https:\/\/www.noatum-unicargas-logistics.ao\/pt-pt\/wp-content\/themes\/logistics-parent\/assets\/icons\/diagonal-arrow-right-up.svg\"\r\n\t\t\t\t\t\t\t\t alt=\"arrow\">\r\n\t\t\t\t\t\t\r\n\t\t\t\t\t\t\t\t\t\t\t\t\t\t\t\t\t\t\t\t\t<a href=\"https:\/\/www.noatum-unicargas-logistics.ao\/pt-pt\/servicos-de-petroleo-e-gas\/\">\r\n\t\t\t\t\t\t\t\t\tSERVI\u00c7OS DE PETR\u00d3LEO E G\u00c1S\t\t\t\t\t\t\t\t<\/a>\r\n\t\t\t\t\t\t\t\t\t\t\t\t\t\r\n\t\t\t\t\t<\/div>\r\n\t\t\t\t<\/div>\r\n\r\n\t\t\t\r\n\t\t\t\t\r\n\t\t\t\t<div class=\"box box-border-bottom\">\r\n\t\t\t\t\t<div class=\"box-items\">\r\n\r\n\t\t\t\t\t\t\t\t\t\t\t\t\t<img decoding=\"async\" class=\"box-items-image\"\r\n\t\t\t\t\t\t\t\t src=\"https:\/\/www.noatum-unicargas-logistics.ao\/pt-pt\/wp-content\/uploads\/sites\/7\/2026\/01\/logistics.webp\"\r\n\t\t\t\t\t\t\t\t alt=\"CENTROS LOG\u00cdSTICOS\">\r\n\t\t\t\t\t\t\r\n\t\t\t\t\t\t\t\t\t\t\t\t\t<img decoding=\"async\" class=\"logisvc-arrow\"\r\n\t\t\t\t\t\t\t\t src=\"https:\/\/www.noatum-unicargas-logistics.ao\/pt-pt\/wp-content\/themes\/logistics-parent\/assets\/icons\/diagonal-arrow-right-up.svg\"\r\n\t\t\t\t\t\t\t\t alt=\"arrow\">\r\n\t\t\t\t\t\t\r\n\t\t\t\t\t\t\t\t\t\t\t\t\t\t\t\t\t\t\t\t\t<a href=\"https:\/\/www.noatum-unicargas-logistics.ao\/pt-pt\/centros-logisticos\/\">\r\n\t\t\t\t\t\t\t\t\tCENTROS LOG\u00cdSTICOS\t\t\t\t\t\t\t\t<\/a>\r\n\t\t\t\t\t\t\t\t\t\t\t\t\t\r\n\t\t\t\t\t<\/div>\r\n\t\t\t\t<\/div>\r\n\r\n\t\t\t\r\n\t\t\t\t\r\n\t\t\t\t<div class=\"box box-border-right box-border-bottom\">\r\n\t\t\t\t\t<div class=\"box-items\">\r\n\r\n\t\t\t\t\t\t\t\t\t\t\t\t\t<img decoding=\"async\" class=\"box-items-image\"\r\n\t\t\t\t\t\t\t\t src=\"https:\/\/www.noatum-unicargas-logistics.ao\/pt-pt\/wp-content\/uploads\/sites\/7\/2026\/01\/comprehensive-1.webp\"\r\n\t\t\t\t\t\t\t\t alt=\"SOLU\u00c7\u00d5ES LOG\u00cdSTICAS COMPLETAS\">\r\n\t\t\t\t\t\t\r\n\t\t\t\t\t\t\t\t\t\t\t\t\t<img decoding=\"async\" class=\"logisvc-arrow\"\r\n\t\t\t\t\t\t\t\t src=\"https:\/\/www.noatum-unicargas-logistics.ao\/pt-pt\/wp-content\/themes\/logistics-parent\/assets\/icons\/diagonal-arrow-right-up.svg\"\r\n\t\t\t\t\t\t\t\t alt=\"arrow\">\r\n\t\t\t\t\t\t\r\n\t\t\t\t\t\t\t\t\t\t\t\t\t\t\t\t\t\t\t\t\t<a href=\"https:\/\/www.noatum-unicargas-logistics.ao\/pt-pt\/solucoes-logisticas-completas\/\">\r\n\t\t\t\t\t\t\t\t\tSOLU\u00c7\u00d5ES LOG\u00cdSTICAS COMPLETAS\t\t\t\t\t\t\t\t<\/a>\r\n\t\t\t\t\t\t\t\t\t\t\t\t\t\r\n\t\t\t\t\t<\/div>\r\n\t\t\t\t<\/div>\r\n\r\n\t\t\t\t\t\r\n\t<\/div>\r\n\t<\/section>\n\n<section class=\"wysiwug-block\" class=\"wp-block-meta-box-wysiwug-template\">\n  <div class=\"container\">\n\t\t<div class=\"main-content\">\n\t\t\t\t\n\t\t\t\t<h2 style=\"text-align: center\">SERVI\u00c7OS DE PETR\u00d3LEO E G\u00c1S<\/h2>\n<p>Na Noatum Unicargas Logistics, fornecemos servi\u00e7os de confian\u00e7a na ind\u00fastria do Petr\u00f3leo e G\u00e1s, concebidos para satisfazer as exig\u00eancias complexas deste setor.<\/p>\n<p>A nossa abordagem assenta numa base de forte colabora\u00e7\u00e3o global com os nossos parceiros e agentes, assegurando a presta\u00e7\u00e3o de uma vasta gama de servi\u00e7os que se adaptam \u00e0s necessidades comerciais de cada cliente. Efetuamos opera\u00e7\u00f5es portu\u00e1rias que permitem uma gest\u00e3o mais fluida, mais eficiente e mais eficaz.<\/p>\n<p>Com os seus conhecimentos t\u00e9cnicos especializados, a nossa equipa de especialistas assegura opera\u00e7\u00f5es de escala sem problemas para projetos de Petr\u00f3leo e G\u00e1s em todo o mundo. Aproveitando os nossos conhecimentos locais, cultiv\u00e1mos parcerias duradouras com autoridades portu\u00e1rias e com operadores de terminais.<\/p>\n<p>Esta rede, combinada com a nossa vigil\u00e2ncia constante face \u00e0s condi\u00e7\u00f5es e desenvolvimentos portu\u00e1rios, permite-nos mitigar riscos e evitar despesas inesperadas, garantindo o sucesso das nossas opera\u00e7\u00f5es.<\/p>\n\t\t\t\t\n\t\t<\/div>\n\t<\/div>\n<\/section>","protected":false},"excerpt":{"rendered":"","protected":false},"author":20,"featured_media":0,"parent":0,"menu_order":0,"comment_status":"closed","ping_status":"closed","template":"","meta":{"_acf_changed":false,"_trash_the_other_posts":false,"editor_notices":[],"footnotes":""},"class_list":["post-181","page","type-page","status-publish","hentry"],"acf":[],"yoast_head":"<!-- This site is optimized with the Yoast SEO plugin v27.4 - https:\/\/yoast.com\/product\/yoast-seo-wordpress\/ -->\n<title>SERVI\u00c7OS DE PETR\u00d3LEO E G\u00c1S - Noatum PT<\/title>\n<meta name=\"robots\" content=\"index, follow, max-snippet:-1, max-image-preview:large, max-video-preview:-1\" \/>\n<link rel=\"canonical\" href=\"https:\/\/www.noatum-unicargas-logistics.ao\/pt-pt\/servicos-de-petroleo-e-gas\/\" \/>\n<meta property=\"og:locale\" content=\"en_US\" \/>\n<meta property=\"og:type\" content=\"article\" \/>\n<meta property=\"og:title\" content=\"SERVI\u00c7OS DE PETR\u00d3LEO E G\u00c1S - Noatum PT\" \/>\n<meta property=\"og:url\" content=\"https:\/\/www.noatum-unicargas-logistics.ao\/pt-pt\/servicos-de-petroleo-e-gas\/\" \/>\n<meta property=\"og:site_name\" content=\"Noatum PT\" \/>\n<meta property=\"article:modified_time\" content=\"2026-01-05T04:32:43+00:00\" \/>\n<meta name=\"twitter:card\" content=\"summary_large_image\" \/>\n<script type=\"application\/ld+json\" class=\"yoast-schema-graph\">{\"@context\":\"https:\\\/\\\/schema.org\",\"@graph\":[{\"@type\":\"WebPage\",\"@id\":\"https:\\\/\\\/www.noatum-unicargas-logistics.ao\\\/pt-pt\\\/servicos-de-petroleo-e-gas\\\/\",\"url\":\"https:\\\/\\\/www.noatum-unicargas-logistics.ao\\\/pt-pt\\\/servicos-de-petroleo-e-gas\\\/\",\"name\":\"SERVI\u00c7OS DE PETR\u00d3LEO E G\u00c1S - Noatum PT\",\"isPartOf\":{\"@id\":\"https:\\\/\\\/www.noatum-unicargas-logistics.ao\\\/pt-pt\\\/#website\"},\"datePublished\":\"2025-12-31T06:07:49+00:00\",\"dateModified\":\"2026-01-05T04:32:43+00:00\",\"breadcrumb\":{\"@id\":\"https:\\\/\\\/www.noatum-unicargas-logistics.ao\\\/pt-pt\\\/servicos-de-petroleo-e-gas\\\/#breadcrumb\"},\"inLanguage\":\"en-US\",\"potentialAction\":[{\"@type\":\"ReadAction\",\"target\":[\"https:\\\/\\\/www.noatum-unicargas-logistics.ao\\\/pt-pt\\\/servicos-de-petroleo-e-gas\\\/\"]}]},{\"@type\":\"BreadcrumbList\",\"@id\":\"https:\\\/\\\/www.noatum-unicargas-logistics.ao\\\/pt-pt\\\/servicos-de-petroleo-e-gas\\\/#breadcrumb\",\"itemListElement\":[{\"@type\":\"ListItem\",\"position\":1,\"name\":\"Home\",\"item\":\"https:\\\/\\\/www.noatum-unicargas-logistics.ao\\\/pt-pt\\\/\"},{\"@type\":\"ListItem\",\"position\":2,\"name\":\"SERVI\u00c7OS DE PETR\u00d3LEO E G\u00c1S\"}]},{\"@type\":\"WebSite\",\"@id\":\"https:\\\/\\\/www.noatum-unicargas-logistics.ao\\\/pt-pt\\\/#website\",\"url\":\"https:\\\/\\\/www.noatum-unicargas-logistics.ao\\\/pt-pt\\\/\",\"name\":\"Noatum PT\",\"description\":\"\",\"potentialAction\":[{\"@type\":\"SearchAction\",\"target\":{\"@type\":\"EntryPoint\",\"urlTemplate\":\"https:\\\/\\\/www.noatum-unicargas-logistics.ao\\\/pt-pt\\\/?s={search_term_string}\"},\"query-input\":{\"@type\":\"PropertyValueSpecification\",\"valueRequired\":true,\"valueName\":\"search_term_string\"}}],\"inLanguage\":\"en-US\"}]}<\/script>\n<!-- \/ Yoast SEO plugin. -->","yoast_head_json":{"title":"SERVI\u00c7OS DE PETR\u00d3LEO E G\u00c1S - Noatum PT","robots":{"index":"index","follow":"follow","max-snippet":"max-snippet:-1","max-image-preview":"max-image-preview:large","max-video-preview":"max-video-preview:-1"},"canonical":"https:\/\/www.noatum-unicargas-logistics.ao\/pt-pt\/servicos-de-petroleo-e-gas\/","og_locale":"en_US","og_type":"article","og_title":"SERVI\u00c7OS DE PETR\u00d3LEO E G\u00c1S - Noatum PT","og_url":"https:\/\/www.noatum-unicargas-logistics.ao\/pt-pt\/servicos-de-petroleo-e-gas\/","og_site_name":"Noatum PT","article_modified_time":"2026-01-05T04:32:43+00:00","twitter_card":"summary_large_image","schema":{"@context":"https:\/\/schema.org","@graph":[{"@type":"WebPage","@id":"https:\/\/www.noatum-unicargas-logistics.ao\/pt-pt\/servicos-de-petroleo-e-gas\/","url":"https:\/\/www.noatum-unicargas-logistics.ao\/pt-pt\/servicos-de-petroleo-e-gas\/","name":"SERVI\u00c7OS DE PETR\u00d3LEO E G\u00c1S - Noatum PT","isPartOf":{"@id":"https:\/\/www.noatum-unicargas-logistics.ao\/pt-pt\/#website"},"datePublished":"2025-12-31T06:07:49+00:00","dateModified":"2026-01-05T04:32:43+00:00","breadcrumb":{"@id":"https:\/\/www.noatum-unicargas-logistics.ao\/pt-pt\/servicos-de-petroleo-e-gas\/#breadcrumb"},"inLanguage":"en-US","potentialAction":[{"@type":"ReadAction","target":["https:\/\/www.noatum-unicargas-logistics.ao\/pt-pt\/servicos-de-petroleo-e-gas\/"]}]},{"@type":"BreadcrumbList","@id":"https:\/\/www.noatum-unicargas-logistics.ao\/pt-pt\/servicos-de-petroleo-e-gas\/#breadcrumb","itemListElement":[{"@type":"ListItem","position":1,"name":"Home","item":"https:\/\/www.noatum-unicargas-logistics.ao\/pt-pt\/"},{"@type":"ListItem","position":2,"name":"SERVI\u00c7OS DE PETR\u00d3LEO E G\u00c1S"}]},{"@type":"WebSite","@id":"https:\/\/www.noatum-unicargas-logistics.ao\/pt-pt\/#website","url":"https:\/\/www.noatum-unicargas-logistics.ao\/pt-pt\/","name":"Noatum PT","description":"","potentialAction":[{"@type":"SearchAction","target":{"@type":"EntryPoint","urlTemplate":"https:\/\/www.noatum-unicargas-logistics.ao\/pt-pt\/?s={search_term_string}"},"query-input":{"@type":"PropertyValueSpecification","valueRequired":true,"valueName":"search_term_string"}}],"inLanguage":"en-US"}]}},"jetpack_sharing_enabled":true,"meta_box":[],"_links":{"self":[{"href":"https:\/\/www.noatum-unicargas-logistics.ao\/pt-pt\/wp-json\/wp\/v2\/pages\/181","targetHints":{"allow":["GET"]}}],"collection":[{"href":"https:\/\/www.noatum-unicargas-logistics.ao\/pt-pt\/wp-json\/wp\/v2\/pages"}],"about":[{"href":"https:\/\/www.noatum-unicargas-logistics.ao\/pt-pt\/wp-json\/wp\/v2\/types\/page"}],"author":[{"embeddable":true,"href":"https:\/\/www.noatum-unicargas-logistics.ao\/pt-pt\/wp-json\/wp\/v2\/users\/20"}],"replies":[{"embeddable":true,"href":"https:\/\/www.noatum-unicargas-logistics.ao\/pt-pt\/wp-json\/wp\/v2\/comments?post=181"}],"version-history":[{"count":4,"href":"https:\/\/www.noatum-unicargas-logistics.ao\/pt-pt\/wp-json\/wp\/v2\/pages\/181\/revisions"}],"predecessor-version":[{"id":292,"href":"https:\/\/www.noatum-unicargas-logistics.ao\/pt-pt\/wp-json\/wp\/v2\/pages\/181\/revisions\/292"}],"wp:attachment":[{"href":"https:\/\/www.noatum-unicargas-logistics.ao\/pt-pt\/wp-json\/wp\/v2\/media?parent=181"}],"curies":[{"name":"wp","href":"https:\/\/api.w.org\/{rel}","templated":true}]}}