{"id":176,"date":"2025-12-31T06:01:44","date_gmt":"2025-12-31T06:01:44","guid":{"rendered":"https:\/\/wpvip.adportsgroup.com\/noatummaritime\/?page_id=176"},"modified":"2026-01-02T17:23:17","modified_gmt":"2026-01-02T17:23:17","slug":"armazenamento-e-distribuicao","status":"publish","type":"page","link":"https:\/\/www.noatum-unicargas-logistics.ao\/pt-pt\/armazenamento-e-distribuicao\/","title":{"rendered":"ARMAZENAMENTO E DISTRIBUI\u00c7\u00c3O"},"content":{"rendered":"\r\n<section class=\"logistics-services\" class=\"wp-block-meta-box-logistics-services\">\r\n\t\t\t<h1 class=\"main-heading\">Servi\u00e7os De Log\u00edstica<\/h1>\r\n\t\t<div class=\"boxes-grid logisvc-container\">\r\n\r\n\t\t\t\t\t\r\n\t\t\t\t\r\n\t\t\t\t<div class=\"box\">\r\n\t\t\t\t\t<div class=\"box-items\">\r\n\r\n\t\t\t\t\t\t\t\t\t\t\t\t\t<img decoding=\"async\" class=\"box-items-image\"\r\n\t\t\t\t\t\t\t\t src=\"https:\/\/www.noatum-unicargas-logistics.ao\/pt-pt\/wp-content\/uploads\/sites\/7\/2026\/01\/air-freight.png\"\r\n\t\t\t\t\t\t\t\t alt=\"FRETE A\u00c9REO\">\r\n\t\t\t\t\t\t\r\n\t\t\t\t\t\t\t\t\t\t\t\t\t<img decoding=\"async\" class=\"logisvc-arrow\"\r\n\t\t\t\t\t\t\t\t src=\"https:\/\/www.noatum-unicargas-logistics.ao\/pt-pt\/wp-content\/themes\/logistics-parent\/assets\/icons\/diagonal-arrow-right-up.svg\"\r\n\t\t\t\t\t\t\t\t alt=\"arrow\">\r\n\t\t\t\t\t\t\r\n\t\t\t\t\t\t\t\t\t\t\t\t\t\t\t\t\t\t\t\t\t<a href=\"https:\/\/www.noatum-unicargas-logistics.ao\/pt-pt\/frete-aereo\/\">\r\n\t\t\t\t\t\t\t\t\tFRETE A\u00c9REO\t\t\t\t\t\t\t\t<\/a>\r\n\t\t\t\t\t\t\t\t\t\t\t\t\t\r\n\t\t\t\t\t<\/div>\r\n\t\t\t\t<\/div>\r\n\r\n\t\t\t\r\n\t\t\t\t\r\n\t\t\t\t<div class=\"box\">\r\n\t\t\t\t\t<div class=\"box-items\">\r\n\r\n\t\t\t\t\t\t\t\t\t\t\t\t\t<img decoding=\"async\" class=\"box-items-image\"\r\n\t\t\t\t\t\t\t\t src=\"https:\/\/www.noatum-unicargas-logistics.ao\/pt-pt\/wp-content\/uploads\/sites\/7\/2026\/01\/ocean-frieght.webp\"\r\n\t\t\t\t\t\t\t\t alt=\"FRETE MAR\u00cdTIMO\">\r\n\t\t\t\t\t\t\r\n\t\t\t\t\t\t\t\t\t\t\t\t\t<img decoding=\"async\" class=\"logisvc-arrow\"\r\n\t\t\t\t\t\t\t\t src=\"https:\/\/www.noatum-unicargas-logistics.ao\/pt-pt\/wp-content\/themes\/logistics-parent\/assets\/icons\/diagonal-arrow-right-up.svg\"\r\n\t\t\t\t\t\t\t\t alt=\"arrow\">\r\n\t\t\t\t\t\t\r\n\t\t\t\t\t\t\t\t\t\t\t\t\t\t\t\t\t\t\t\t\t<a href=\"https:\/\/www.noatum-unicargas-logistics.ao\/pt-pt\/frete-maritimo\/\">\r\n\t\t\t\t\t\t\t\t\tFRETE MAR\u00cdTIMO\t\t\t\t\t\t\t\t<\/a>\r\n\t\t\t\t\t\t\t\t\t\t\t\t\t\r\n\t\t\t\t\t<\/div>\r\n\t\t\t\t<\/div>\r\n\r\n\t\t\t\r\n\t\t\t\t\r\n\t\t\t\t<div class=\"box\">\r\n\t\t\t\t\t<div class=\"box-items\">\r\n\r\n\t\t\t\t\t\t\t\t\t\t\t\t\t<img decoding=\"async\" class=\"box-items-image\"\r\n\t\t\t\t\t\t\t\t src=\"https:\/\/www.noatum-unicargas-logistics.ao\/pt-pt\/wp-content\/uploads\/sites\/7\/2026\/01\/inland-transportation.png\"\r\n\t\t\t\t\t\t\t\t alt=\"TRANSPORTE RODOVI\u00c1RIO E FRETE FERROVI\u00c1RIO\">\r\n\t\t\t\t\t\t\r\n\t\t\t\t\t\t\t\t\t\t\t\t\t<img decoding=\"async\" class=\"logisvc-arrow\"\r\n\t\t\t\t\t\t\t\t src=\"https:\/\/www.noatum-unicargas-logistics.ao\/pt-pt\/wp-content\/themes\/logistics-parent\/assets\/icons\/diagonal-arrow-right-up.svg\"\r\n\t\t\t\t\t\t\t\t alt=\"arrow\">\r\n\t\t\t\t\t\t\r\n\t\t\t\t\t\t\t\t\t\t\t\t\t\t\t\t\t\t\t\t\t<a href=\"https:\/\/www.noatum-unicargas-logistics.ao\/pt-pt\/transporte-rodoviario-e-frete-ferroviario\/\">\r\n\t\t\t\t\t\t\t\t\tTRANSPORTE RODOVI\u00c1RIO E FRETE FERROVI\u00c1RIO\t\t\t\t\t\t\t\t<\/a>\r\n\t\t\t\t\t\t\t\t\t\t\t\t\t\r\n\t\t\t\t\t<\/div>\r\n\t\t\t\t<\/div>\r\n\r\n\t\t\t\r\n\t\t\t\t\r\n\t\t\t\t<div class=\"box box-border-right\">\r\n\t\t\t\t\t<div class=\"box-items\">\r\n\r\n\t\t\t\t\t\t\t\t\t\t\t\t\t<img decoding=\"async\" class=\"box-items-image\"\r\n\t\t\t\t\t\t\t\t src=\"https:\/\/www.noatum-unicargas-logistics.ao\/pt-pt\/wp-content\/uploads\/sites\/7\/2026\/01\/warehousing.png\"\r\n\t\t\t\t\t\t\t\t alt=\"ARMAZENAMENTO E DISTRIBUI\u00c7\u00c3O\">\r\n\t\t\t\t\t\t\r\n\t\t\t\t\t\t\t\t\t\t\t\t\t<img decoding=\"async\" class=\"logisvc-arrow\"\r\n\t\t\t\t\t\t\t\t src=\"https:\/\/www.noatum-unicargas-logistics.ao\/pt-pt\/wp-content\/themes\/logistics-parent\/assets\/icons\/diagonal-arrow-right-up.svg\"\r\n\t\t\t\t\t\t\t\t alt=\"arrow\">\r\n\t\t\t\t\t\t\r\n\t\t\t\t\t\t\t\t\t\t\t\t\t\t\t\t\t\t\t\t\t<a href=\"https:\/\/www.noatum-unicargas-logistics.ao\/pt-pt\/armazenamento-e-distribuicao\/\">\r\n\t\t\t\t\t\t\t\t\tARMAZENAMENTO E DISTRIBUI\u00c7\u00c3O\t\t\t\t\t\t\t\t<\/a>\r\n\t\t\t\t\t\t\t\t\t\t\t\t\t\r\n\t\t\t\t\t<\/div>\r\n\t\t\t\t<\/div>\r\n\r\n\t\t\t\r\n\t\t\t\t\r\n\t\t\t\t<div class=\"box box-border-bottom\">\r\n\t\t\t\t\t<div class=\"box-items\">\r\n\r\n\t\t\t\t\t\t\t\t\t\t\t\t\t<img decoding=\"async\" class=\"box-items-image\"\r\n\t\t\t\t\t\t\t\t src=\"https:\/\/www.noatum-unicargas-logistics.ao\/pt-pt\/wp-content\/uploads\/sites\/7\/2026\/01\/custom-broker.webp\"\r\n\t\t\t\t\t\t\t\t alt=\"AGENTE ADUANEIRO\">\r\n\t\t\t\t\t\t\r\n\t\t\t\t\t\t\t\t\t\t\t\t\t<img decoding=\"async\" class=\"logisvc-arrow\"\r\n\t\t\t\t\t\t\t\t src=\"https:\/\/www.noatum-unicargas-logistics.ao\/pt-pt\/wp-content\/themes\/logistics-parent\/assets\/icons\/diagonal-arrow-right-up.svg\"\r\n\t\t\t\t\t\t\t\t alt=\"arrow\">\r\n\t\t\t\t\t\t\r\n\t\t\t\t\t\t\t\t\t\t\t\t\t\t\t\t\t\t\t\t\t<a href=\"https:\/\/www.noatum-unicargas-logistics.ao\/pt-pt\/agente-aduaneiro\/\">\r\n\t\t\t\t\t\t\t\t\tAGENTE ADUANEIRO\t\t\t\t\t\t\t\t<\/a>\r\n\t\t\t\t\t\t\t\t\t\t\t\t\t\r\n\t\t\t\t\t<\/div>\r\n\t\t\t\t<\/div>\r\n\r\n\t\t\t\r\n\t\t\t\t\r\n\t\t\t\t<div class=\"box box-border-bottom\">\r\n\t\t\t\t\t<div class=\"box-items\">\r\n\r\n\t\t\t\t\t\t\t\t\t\t\t\t\t<img decoding=\"async\" class=\"box-items-image\"\r\n\t\t\t\t\t\t\t\t src=\"https:\/\/www.noatum-unicargas-logistics.ao\/pt-pt\/wp-content\/uploads\/sites\/7\/2026\/01\/oil-gas.png\"\r\n\t\t\t\t\t\t\t\t alt=\"SERVI\u00c7OS DE PETR\u00d3LEO E G\u00c1S\">\r\n\t\t\t\t\t\t\r\n\t\t\t\t\t\t\t\t\t\t\t\t\t<img decoding=\"async\" class=\"logisvc-arrow\"\r\n\t\t\t\t\t\t\t\t src=\"https:\/\/www.noatum-unicargas-logistics.ao\/pt-pt\/wp-content\/themes\/logistics-parent\/assets\/icons\/diagonal-arrow-right-up.svg\"\r\n\t\t\t\t\t\t\t\t alt=\"arrow\">\r\n\t\t\t\t\t\t\r\n\t\t\t\t\t\t\t\t\t\t\t\t\t\t\t\t\t\t\t\t\t<a href=\"https:\/\/www.noatum-unicargas-logistics.ao\/pt-pt\/servicos-de-petroleo-e-gas\/\">\r\n\t\t\t\t\t\t\t\t\tSERVI\u00c7OS DE PETR\u00d3LEO E G\u00c1S\t\t\t\t\t\t\t\t<\/a>\r\n\t\t\t\t\t\t\t\t\t\t\t\t\t\r\n\t\t\t\t\t<\/div>\r\n\t\t\t\t<\/div>\r\n\r\n\t\t\t\r\n\t\t\t\t\r\n\t\t\t\t<div class=\"box box-border-bottom\">\r\n\t\t\t\t\t<div class=\"box-items\">\r\n\r\n\t\t\t\t\t\t\t\t\t\t\t\t\t<img decoding=\"async\" class=\"box-items-image\"\r\n\t\t\t\t\t\t\t\t src=\"https:\/\/www.noatum-unicargas-logistics.ao\/pt-pt\/wp-content\/uploads\/sites\/7\/2026\/01\/logistics.webp\"\r\n\t\t\t\t\t\t\t\t alt=\"CENTROS LOG\u00cdSTICOS\">\r\n\t\t\t\t\t\t\r\n\t\t\t\t\t\t\t\t\t\t\t\t\t<img decoding=\"async\" class=\"logisvc-arrow\"\r\n\t\t\t\t\t\t\t\t src=\"https:\/\/www.noatum-unicargas-logistics.ao\/pt-pt\/wp-content\/themes\/logistics-parent\/assets\/icons\/diagonal-arrow-right-up.svg\"\r\n\t\t\t\t\t\t\t\t alt=\"arrow\">\r\n\t\t\t\t\t\t\r\n\t\t\t\t\t\t\t\t\t\t\t\t\t\t\t\t\t\t\t\t\t<a href=\"https:\/\/www.noatum-unicargas-logistics.ao\/pt-pt\/centros-logisticos\/\">\r\n\t\t\t\t\t\t\t\t\tCENTROS LOG\u00cdSTICOS\t\t\t\t\t\t\t\t<\/a>\r\n\t\t\t\t\t\t\t\t\t\t\t\t\t\r\n\t\t\t\t\t<\/div>\r\n\t\t\t\t<\/div>\r\n\r\n\t\t\t\r\n\t\t\t\t\r\n\t\t\t\t<div class=\"box box-border-right box-border-bottom\">\r\n\t\t\t\t\t<div class=\"box-items\">\r\n\r\n\t\t\t\t\t\t\t\t\t\t\t\t\t<img decoding=\"async\" class=\"box-items-image\"\r\n\t\t\t\t\t\t\t\t src=\"https:\/\/www.noatum-unicargas-logistics.ao\/pt-pt\/wp-content\/uploads\/sites\/7\/2026\/01\/comprehensive-1.webp\"\r\n\t\t\t\t\t\t\t\t alt=\"SOLU\u00c7\u00d5ES LOG\u00cdSTICAS COMPLETAS\">\r\n\t\t\t\t\t\t\r\n\t\t\t\t\t\t\t\t\t\t\t\t\t<img decoding=\"async\" class=\"logisvc-arrow\"\r\n\t\t\t\t\t\t\t\t src=\"https:\/\/www.noatum-unicargas-logistics.ao\/pt-pt\/wp-content\/themes\/logistics-parent\/assets\/icons\/diagonal-arrow-right-up.svg\"\r\n\t\t\t\t\t\t\t\t alt=\"arrow\">\r\n\t\t\t\t\t\t\r\n\t\t\t\t\t\t\t\t\t\t\t\t\t\t\t\t\t\t\t\t\t<a href=\"https:\/\/www.noatum-unicargas-logistics.ao\/pt-pt\/solucoes-logisticas-completas\/\">\r\n\t\t\t\t\t\t\t\t\tSOLU\u00c7\u00d5ES LOG\u00cdSTICAS COMPLETAS\t\t\t\t\t\t\t\t<\/a>\r\n\t\t\t\t\t\t\t\t\t\t\t\t\t\r\n\t\t\t\t\t<\/div>\r\n\t\t\t\t<\/div>\r\n\r\n\t\t\t\t\t\r\n\t<\/div>\r\n\t<\/section>\n\n<section class=\"wysiwug-block\" class=\"wp-block-meta-box-wysiwug-template\">\n  <div class=\"container\">\n\t\t<div class=\"main-content\">\n\t\t\t\t\n\t\t\t\t<h2 style=\"text-align: center\"><strong>ARMAZENAMENTO E DISTRIBUI\u00c7\u00c3O<\/strong><\/h2>\n<p>Os nossos servi\u00e7os de armazenamento e distribui\u00e7\u00e3o oferecem aconselhamento especializado e apoio \u00e0s suas necessidades log\u00edsticas. Adaptamo-nos \u00e0s tend\u00eancias em evolu\u00e7\u00e3o e \u00e0s necessidades do mercado utilizando infraestruturas, tecnologias e sistemas de informa\u00e7\u00e3o de \u00faltima gera\u00e7\u00e3o.<\/p>\n<p>Somos especializados no desenvolvimento de solu\u00e7\u00f5es \u00e0 medida para v\u00e1rias ind\u00fastrias, com enfoque em servi\u00e7os de armazenamento e solu\u00e7\u00f5es personalizadas para a cadeia de abastecimento e entregas finais. O nosso processo de gest\u00e3o integral acompanha os nossos clientes desde a produ\u00e7\u00e3o at\u00e9 \u00e0 distribui\u00e7\u00e3o, assegurando a rastreabilidade dos stocks, o controlo das exist\u00eancias, o reabastecimento, a montagem\/prepara\u00e7\u00e3o de kits, a paletiza\u00e7\u00e3o e a gest\u00e3o de embalagens.<\/p>\n<p>Os nossos servi\u00e7os especializados ao n\u00edvel do armazenamento e da distribui\u00e7\u00e3o incluem:<\/p>\n<ul>\n<li>Um Sistema de Gest\u00e3o de Armaz\u00e9ns (WMS) que simplifica a complexidade das opera\u00e7\u00f5es di\u00e1rias dos armaz\u00e9ns, desde a rece\u00e7\u00e3o at\u00e9 \u00e0 expedi\u00e7\u00e3o e \u00e0s entregas e distribui\u00e7\u00e3o finais.<\/li>\n<li>Capacidade de investimento em sistemas de armazenamento em armaz\u00e9m, com vista a uma rela\u00e7\u00e3o \u00f3tima entre a ocupa\u00e7\u00e3o de espa\u00e7o e a produtividade.<\/li>\n<li>Capacidade de conetividade inform\u00e1tica e informa\u00e7\u00e3o em tempo real.<\/li>\n<li>Equipas de trabalho especializadas por atividade \/ opera\u00e7\u00e3o de armazenamento.<\/li>\n<\/ul>\n\t\t\t\t\n\t\t<\/div>\n\t<\/div>\n<\/section>","protected":false},"excerpt":{"rendered":"","protected":false},"author":20,"featured_media":0,"parent":0,"menu_order":0,"comment_status":"closed","ping_status":"closed","template":"","meta":{"_acf_changed":false,"_trash_the_other_posts":false,"editor_notices":[],"footnotes":""},"class_list":["post-176","page","type-page","status-publish","hentry"],"acf":[],"yoast_head":"<!-- This site is optimized with the Yoast SEO plugin v27.4 - https:\/\/yoast.com\/product\/yoast-seo-wordpress\/ -->\n<title>ARMAZENAMENTO E DISTRIBUI\u00c7\u00c3O - Noatum PT<\/title>\n<meta name=\"robots\" content=\"index, follow, max-snippet:-1, max-image-preview:large, max-video-preview:-1\" \/>\n<link rel=\"canonical\" href=\"https:\/\/www.noatum-unicargas-logistics.ao\/pt-pt\/armazenamento-e-distribuicao\/\" \/>\n<meta property=\"og:locale\" content=\"en_US\" \/>\n<meta property=\"og:type\" content=\"article\" \/>\n<meta property=\"og:title\" content=\"ARMAZENAMENTO E DISTRIBUI\u00c7\u00c3O - Noatum PT\" \/>\n<meta property=\"og:url\" content=\"https:\/\/www.noatum-unicargas-logistics.ao\/pt-pt\/armazenamento-e-distribuicao\/\" \/>\n<meta property=\"og:site_name\" content=\"Noatum PT\" \/>\n<meta property=\"article:modified_time\" content=\"2026-01-02T17:23:17+00:00\" \/>\n<meta name=\"twitter:card\" content=\"summary_large_image\" \/>\n<script type=\"application\/ld+json\" class=\"yoast-schema-graph\">{\"@context\":\"https:\\\/\\\/schema.org\",\"@graph\":[{\"@type\":\"WebPage\",\"@id\":\"https:\\\/\\\/www.noatum-unicargas-logistics.ao\\\/pt-pt\\\/armazenamento-e-distribuicao\\\/\",\"url\":\"https:\\\/\\\/www.noatum-unicargas-logistics.ao\\\/pt-pt\\\/armazenamento-e-distribuicao\\\/\",\"name\":\"ARMAZENAMENTO E DISTRIBUI\u00c7\u00c3O - Noatum PT\",\"isPartOf\":{\"@id\":\"https:\\\/\\\/www.noatum-unicargas-logistics.ao\\\/pt-pt\\\/#website\"},\"datePublished\":\"2025-12-31T06:01:44+00:00\",\"dateModified\":\"2026-01-02T17:23:17+00:00\",\"breadcrumb\":{\"@id\":\"https:\\\/\\\/www.noatum-unicargas-logistics.ao\\\/pt-pt\\\/armazenamento-e-distribuicao\\\/#breadcrumb\"},\"inLanguage\":\"en-US\",\"potentialAction\":[{\"@type\":\"ReadAction\",\"target\":[\"https:\\\/\\\/www.noatum-unicargas-logistics.ao\\\/pt-pt\\\/armazenamento-e-distribuicao\\\/\"]}]},{\"@type\":\"BreadcrumbList\",\"@id\":\"https:\\\/\\\/www.noatum-unicargas-logistics.ao\\\/pt-pt\\\/armazenamento-e-distribuicao\\\/#breadcrumb\",\"itemListElement\":[{\"@type\":\"ListItem\",\"position\":1,\"name\":\"Home\",\"item\":\"https:\\\/\\\/www.noatum-unicargas-logistics.ao\\\/pt-pt\\\/\"},{\"@type\":\"ListItem\",\"position\":2,\"name\":\"ARMAZENAMENTO E DISTRIBUI\u00c7\u00c3O\"}]},{\"@type\":\"WebSite\",\"@id\":\"https:\\\/\\\/www.noatum-unicargas-logistics.ao\\\/pt-pt\\\/#website\",\"url\":\"https:\\\/\\\/www.noatum-unicargas-logistics.ao\\\/pt-pt\\\/\",\"name\":\"Noatum PT\",\"description\":\"\",\"potentialAction\":[{\"@type\":\"SearchAction\",\"target\":{\"@type\":\"EntryPoint\",\"urlTemplate\":\"https:\\\/\\\/www.noatum-unicargas-logistics.ao\\\/pt-pt\\\/?s={search_term_string}\"},\"query-input\":{\"@type\":\"PropertyValueSpecification\",\"valueRequired\":true,\"valueName\":\"search_term_string\"}}],\"inLanguage\":\"en-US\"}]}<\/script>\n<!-- \/ Yoast SEO plugin. -->","yoast_head_json":{"title":"ARMAZENAMENTO E DISTRIBUI\u00c7\u00c3O - Noatum PT","robots":{"index":"index","follow":"follow","max-snippet":"max-snippet:-1","max-image-preview":"max-image-preview:large","max-video-preview":"max-video-preview:-1"},"canonical":"https:\/\/www.noatum-unicargas-logistics.ao\/pt-pt\/armazenamento-e-distribuicao\/","og_locale":"en_US","og_type":"article","og_title":"ARMAZENAMENTO E DISTRIBUI\u00c7\u00c3O - Noatum PT","og_url":"https:\/\/www.noatum-unicargas-logistics.ao\/pt-pt\/armazenamento-e-distribuicao\/","og_site_name":"Noatum PT","article_modified_time":"2026-01-02T17:23:17+00:00","twitter_card":"summary_large_image","schema":{"@context":"https:\/\/schema.org","@graph":[{"@type":"WebPage","@id":"https:\/\/www.noatum-unicargas-logistics.ao\/pt-pt\/armazenamento-e-distribuicao\/","url":"https:\/\/www.noatum-unicargas-logistics.ao\/pt-pt\/armazenamento-e-distribuicao\/","name":"ARMAZENAMENTO E DISTRIBUI\u00c7\u00c3O - Noatum PT","isPartOf":{"@id":"https:\/\/www.noatum-unicargas-logistics.ao\/pt-pt\/#website"},"datePublished":"2025-12-31T06:01:44+00:00","dateModified":"2026-01-02T17:23:17+00:00","breadcrumb":{"@id":"https:\/\/www.noatum-unicargas-logistics.ao\/pt-pt\/armazenamento-e-distribuicao\/#breadcrumb"},"inLanguage":"en-US","potentialAction":[{"@type":"ReadAction","target":["https:\/\/www.noatum-unicargas-logistics.ao\/pt-pt\/armazenamento-e-distribuicao\/"]}]},{"@type":"BreadcrumbList","@id":"https:\/\/www.noatum-unicargas-logistics.ao\/pt-pt\/armazenamento-e-distribuicao\/#breadcrumb","itemListElement":[{"@type":"ListItem","position":1,"name":"Home","item":"https:\/\/www.noatum-unicargas-logistics.ao\/pt-pt\/"},{"@type":"ListItem","position":2,"name":"ARMAZENAMENTO E DISTRIBUI\u00c7\u00c3O"}]},{"@type":"WebSite","@id":"https:\/\/www.noatum-unicargas-logistics.ao\/pt-pt\/#website","url":"https:\/\/www.noatum-unicargas-logistics.ao\/pt-pt\/","name":"Noatum PT","description":"","potentialAction":[{"@type":"SearchAction","target":{"@type":"EntryPoint","urlTemplate":"https:\/\/www.noatum-unicargas-logistics.ao\/pt-pt\/?s={search_term_string}"},"query-input":{"@type":"PropertyValueSpecification","valueRequired":true,"valueName":"search_term_string"}}],"inLanguage":"en-US"}]}},"jetpack_sharing_enabled":true,"meta_box":[],"_links":{"self":[{"href":"https:\/\/www.noatum-unicargas-logistics.ao\/pt-pt\/wp-json\/wp\/v2\/pages\/176","targetHints":{"allow":["GET"]}}],"collection":[{"href":"https:\/\/www.noatum-unicargas-logistics.ao\/pt-pt\/wp-json\/wp\/v2\/pages"}],"about":[{"href":"https:\/\/www.noatum-unicargas-logistics.ao\/pt-pt\/wp-json\/wp\/v2\/types\/page"}],"author":[{"embeddable":true,"href":"https:\/\/www.noatum-unicargas-logistics.ao\/pt-pt\/wp-json\/wp\/v2\/users\/20"}],"replies":[{"embeddable":true,"href":"https:\/\/www.noatum-unicargas-logistics.ao\/pt-pt\/wp-json\/wp\/v2\/comments?post=176"}],"version-history":[{"count":3,"href":"https:\/\/www.noatum-unicargas-logistics.ao\/pt-pt\/wp-json\/wp\/v2\/pages\/176\/revisions"}],"predecessor-version":[{"id":288,"href":"https:\/\/www.noatum-unicargas-logistics.ao\/pt-pt\/wp-json\/wp\/v2\/pages\/176\/revisions\/288"}],"wp:attachment":[{"href":"https:\/\/www.noatum-unicargas-logistics.ao\/pt-pt\/wp-json\/wp\/v2\/media?parent=176"}],"curies":[{"name":"wp","href":"https:\/\/api.w.org\/{rel}","templated":true}]}}