{"id":169,"date":"2025-12-31T05:54:59","date_gmt":"2025-12-31T05:54:59","guid":{"rendered":"https:\/\/wpvip.adportsgroup.com\/noatummaritime\/?page_id=169"},"modified":"2026-01-05T05:31:35","modified_gmt":"2026-01-05T05:31:35","slug":"solucoes-logisticas-completas","status":"publish","type":"page","link":"https:\/\/www.noatum-unicargas-logistics.ao\/pt-pt\/solucoes-logisticas-completas\/","title":{"rendered":"SOLU\u00c7\u00d5ES LOG\u00cdSTICAS COMPLETAS"},"content":{"rendered":"\r\n<section class=\"logistics-services\" class=\"wp-block-meta-box-logistics-services\">\r\n\t\t\t<h1 class=\"main-heading\">Servi\u00e7os De Log\u00edstica<\/h1>\r\n\t\t<div class=\"boxes-grid logisvc-container\">\r\n\r\n\t\t\t\t\t\r\n\t\t\t\t\r\n\t\t\t\t<div class=\"box\">\r\n\t\t\t\t\t<div class=\"box-items\">\r\n\r\n\t\t\t\t\t\t\t\t\t\t\t\t\t<img decoding=\"async\" class=\"box-items-image\"\r\n\t\t\t\t\t\t\t\t src=\"https:\/\/www.noatum-unicargas-logistics.ao\/pt-pt\/wp-content\/uploads\/sites\/7\/2026\/01\/air-freight.png\"\r\n\t\t\t\t\t\t\t\t alt=\"FRETE A\u00c9REO\">\r\n\t\t\t\t\t\t\r\n\t\t\t\t\t\t\t\t\t\t\t\t\t<img decoding=\"async\" class=\"logisvc-arrow\"\r\n\t\t\t\t\t\t\t\t src=\"https:\/\/www.noatum-unicargas-logistics.ao\/pt-pt\/wp-content\/themes\/logistics-parent\/assets\/icons\/diagonal-arrow-right-up.svg\"\r\n\t\t\t\t\t\t\t\t alt=\"arrow\">\r\n\t\t\t\t\t\t\r\n\t\t\t\t\t\t\t\t\t\t\t\t\t\t\t\t\t\t\t\t\t<a href=\"https:\/\/www.noatum-unicargas-logistics.ao\/pt-pt\/frete-aereo\/\">\r\n\t\t\t\t\t\t\t\t\tFRETE A\u00c9REO\t\t\t\t\t\t\t\t<\/a>\r\n\t\t\t\t\t\t\t\t\t\t\t\t\t\r\n\t\t\t\t\t<\/div>\r\n\t\t\t\t<\/div>\r\n\r\n\t\t\t\r\n\t\t\t\t\r\n\t\t\t\t<div class=\"box\">\r\n\t\t\t\t\t<div class=\"box-items\">\r\n\r\n\t\t\t\t\t\t\t\t\t\t\t\t\t<img decoding=\"async\" class=\"box-items-image\"\r\n\t\t\t\t\t\t\t\t src=\"https:\/\/www.noatum-unicargas-logistics.ao\/pt-pt\/wp-content\/uploads\/sites\/7\/2026\/01\/ocean-frieght.webp\"\r\n\t\t\t\t\t\t\t\t alt=\"FRETE MAR\u00cdTIMO\">\r\n\t\t\t\t\t\t\r\n\t\t\t\t\t\t\t\t\t\t\t\t\t<img decoding=\"async\" class=\"logisvc-arrow\"\r\n\t\t\t\t\t\t\t\t src=\"https:\/\/www.noatum-unicargas-logistics.ao\/pt-pt\/wp-content\/themes\/logistics-parent\/assets\/icons\/diagonal-arrow-right-up.svg\"\r\n\t\t\t\t\t\t\t\t alt=\"arrow\">\r\n\t\t\t\t\t\t\r\n\t\t\t\t\t\t\t\t\t\t\t\t\t\t\t\t\t\t\t\t\t<a href=\"https:\/\/www.noatum-unicargas-logistics.ao\/pt-pt\/frete-maritimo\/\">\r\n\t\t\t\t\t\t\t\t\tFRETE MAR\u00cdTIMO\t\t\t\t\t\t\t\t<\/a>\r\n\t\t\t\t\t\t\t\t\t\t\t\t\t\r\n\t\t\t\t\t<\/div>\r\n\t\t\t\t<\/div>\r\n\r\n\t\t\t\r\n\t\t\t\t\r\n\t\t\t\t<div class=\"box\">\r\n\t\t\t\t\t<div class=\"box-items\">\r\n\r\n\t\t\t\t\t\t\t\t\t\t\t\t\t<img decoding=\"async\" class=\"box-items-image\"\r\n\t\t\t\t\t\t\t\t src=\"https:\/\/www.noatum-unicargas-logistics.ao\/pt-pt\/wp-content\/uploads\/sites\/7\/2026\/01\/inland-transportation.png\"\r\n\t\t\t\t\t\t\t\t alt=\"TRANSPORTE RODOVI\u00c1RIO E FRETE FERROVI\u00c1RIO\">\r\n\t\t\t\t\t\t\r\n\t\t\t\t\t\t\t\t\t\t\t\t\t<img decoding=\"async\" class=\"logisvc-arrow\"\r\n\t\t\t\t\t\t\t\t src=\"https:\/\/www.noatum-unicargas-logistics.ao\/pt-pt\/wp-content\/themes\/logistics-parent\/assets\/icons\/diagonal-arrow-right-up.svg\"\r\n\t\t\t\t\t\t\t\t alt=\"arrow\">\r\n\t\t\t\t\t\t\r\n\t\t\t\t\t\t\t\t\t\t\t\t\t\t\t\t\t\t\t\t\t<a href=\"https:\/\/www.noatum-unicargas-logistics.ao\/pt-pt\/transporte-rodoviario-e-frete-ferroviario\/\">\r\n\t\t\t\t\t\t\t\t\tTRANSPORTE RODOVI\u00c1RIO E FRETE FERROVI\u00c1RIO\t\t\t\t\t\t\t\t<\/a>\r\n\t\t\t\t\t\t\t\t\t\t\t\t\t\r\n\t\t\t\t\t<\/div>\r\n\t\t\t\t<\/div>\r\n\r\n\t\t\t\r\n\t\t\t\t\r\n\t\t\t\t<div class=\"box box-border-right\">\r\n\t\t\t\t\t<div class=\"box-items\">\r\n\r\n\t\t\t\t\t\t\t\t\t\t\t\t\t<img decoding=\"async\" class=\"box-items-image\"\r\n\t\t\t\t\t\t\t\t src=\"https:\/\/www.noatum-unicargas-logistics.ao\/pt-pt\/wp-content\/uploads\/sites\/7\/2026\/01\/warehousing.png\"\r\n\t\t\t\t\t\t\t\t alt=\"ARMAZENAMENTO E DISTRIBUI\u00c7\u00c3O\">\r\n\t\t\t\t\t\t\r\n\t\t\t\t\t\t\t\t\t\t\t\t\t<img decoding=\"async\" class=\"logisvc-arrow\"\r\n\t\t\t\t\t\t\t\t src=\"https:\/\/www.noatum-unicargas-logistics.ao\/pt-pt\/wp-content\/themes\/logistics-parent\/assets\/icons\/diagonal-arrow-right-up.svg\"\r\n\t\t\t\t\t\t\t\t alt=\"arrow\">\r\n\t\t\t\t\t\t\r\n\t\t\t\t\t\t\t\t\t\t\t\t\t\t\t\t\t\t\t\t\t<a href=\"https:\/\/www.noatum-unicargas-logistics.ao\/pt-pt\/armazenamento-e-distribuicao\/\">\r\n\t\t\t\t\t\t\t\t\tARMAZENAMENTO E DISTRIBUI\u00c7\u00c3O\t\t\t\t\t\t\t\t<\/a>\r\n\t\t\t\t\t\t\t\t\t\t\t\t\t\r\n\t\t\t\t\t<\/div>\r\n\t\t\t\t<\/div>\r\n\r\n\t\t\t\r\n\t\t\t\t\r\n\t\t\t\t<div class=\"box box-border-bottom\">\r\n\t\t\t\t\t<div class=\"box-items\">\r\n\r\n\t\t\t\t\t\t\t\t\t\t\t\t\t<img decoding=\"async\" class=\"box-items-image\"\r\n\t\t\t\t\t\t\t\t src=\"https:\/\/www.noatum-unicargas-logistics.ao\/pt-pt\/wp-content\/uploads\/sites\/7\/2026\/01\/custom-broker.webp\"\r\n\t\t\t\t\t\t\t\t alt=\"AGENTE ADUANEIRO\">\r\n\t\t\t\t\t\t\r\n\t\t\t\t\t\t\t\t\t\t\t\t\t<img decoding=\"async\" class=\"logisvc-arrow\"\r\n\t\t\t\t\t\t\t\t src=\"https:\/\/www.noatum-unicargas-logistics.ao\/pt-pt\/wp-content\/themes\/logistics-parent\/assets\/icons\/diagonal-arrow-right-up.svg\"\r\n\t\t\t\t\t\t\t\t alt=\"arrow\">\r\n\t\t\t\t\t\t\r\n\t\t\t\t\t\t\t\t\t\t\t\t\t\t\t\t\t\t\t\t\t<a href=\"https:\/\/www.noatum-unicargas-logistics.ao\/pt-pt\/agente-aduaneiro\/\">\r\n\t\t\t\t\t\t\t\t\tAGENTE ADUANEIRO\t\t\t\t\t\t\t\t<\/a>\r\n\t\t\t\t\t\t\t\t\t\t\t\t\t\r\n\t\t\t\t\t<\/div>\r\n\t\t\t\t<\/div>\r\n\r\n\t\t\t\r\n\t\t\t\t\r\n\t\t\t\t<div class=\"box box-border-bottom\">\r\n\t\t\t\t\t<div class=\"box-items\">\r\n\r\n\t\t\t\t\t\t\t\t\t\t\t\t\t<img decoding=\"async\" class=\"box-items-image\"\r\n\t\t\t\t\t\t\t\t src=\"https:\/\/www.noatum-unicargas-logistics.ao\/pt-pt\/wp-content\/uploads\/sites\/7\/2026\/01\/oil-gas.png\"\r\n\t\t\t\t\t\t\t\t alt=\"SERVI\u00c7OS DE PETR\u00d3LEO E G\u00c1S\">\r\n\t\t\t\t\t\t\r\n\t\t\t\t\t\t\t\t\t\t\t\t\t<img decoding=\"async\" class=\"logisvc-arrow\"\r\n\t\t\t\t\t\t\t\t src=\"https:\/\/www.noatum-unicargas-logistics.ao\/pt-pt\/wp-content\/themes\/logistics-parent\/assets\/icons\/diagonal-arrow-right-up.svg\"\r\n\t\t\t\t\t\t\t\t alt=\"arrow\">\r\n\t\t\t\t\t\t\r\n\t\t\t\t\t\t\t\t\t\t\t\t\t\t\t\t\t\t\t\t\t<a href=\"https:\/\/www.noatum-unicargas-logistics.ao\/pt-pt\/servicos-de-petroleo-e-gas\/\">\r\n\t\t\t\t\t\t\t\t\tSERVI\u00c7OS DE PETR\u00d3LEO E G\u00c1S\t\t\t\t\t\t\t\t<\/a>\r\n\t\t\t\t\t\t\t\t\t\t\t\t\t\r\n\t\t\t\t\t<\/div>\r\n\t\t\t\t<\/div>\r\n\r\n\t\t\t\r\n\t\t\t\t\r\n\t\t\t\t<div class=\"box box-border-bottom\">\r\n\t\t\t\t\t<div class=\"box-items\">\r\n\r\n\t\t\t\t\t\t\t\t\t\t\t\t\t<img decoding=\"async\" class=\"box-items-image\"\r\n\t\t\t\t\t\t\t\t src=\"https:\/\/www.noatum-unicargas-logistics.ao\/pt-pt\/wp-content\/uploads\/sites\/7\/2026\/01\/logistics.webp\"\r\n\t\t\t\t\t\t\t\t alt=\"CENTROS LOG\u00cdSTICOS\">\r\n\t\t\t\t\t\t\r\n\t\t\t\t\t\t\t\t\t\t\t\t\t<img decoding=\"async\" class=\"logisvc-arrow\"\r\n\t\t\t\t\t\t\t\t src=\"https:\/\/www.noatum-unicargas-logistics.ao\/pt-pt\/wp-content\/themes\/logistics-parent\/assets\/icons\/diagonal-arrow-right-up.svg\"\r\n\t\t\t\t\t\t\t\t alt=\"arrow\">\r\n\t\t\t\t\t\t\r\n\t\t\t\t\t\t\t\t\t\t\t\t\t\t\t\t\t\t\t\t\t<a href=\"https:\/\/www.noatum-unicargas-logistics.ao\/pt-pt\/centros-logisticos\/\">\r\n\t\t\t\t\t\t\t\t\tCENTROS LOG\u00cdSTICOS\t\t\t\t\t\t\t\t<\/a>\r\n\t\t\t\t\t\t\t\t\t\t\t\t\t\r\n\t\t\t\t\t<\/div>\r\n\t\t\t\t<\/div>\r\n\r\n\t\t\t\r\n\t\t\t\t\r\n\t\t\t\t<div class=\"box box-border-right box-border-bottom\">\r\n\t\t\t\t\t<div class=\"box-items\">\r\n\r\n\t\t\t\t\t\t\t\t\t\t\t\t\t<img decoding=\"async\" class=\"box-items-image\"\r\n\t\t\t\t\t\t\t\t src=\"https:\/\/www.noatum-unicargas-logistics.ao\/pt-pt\/wp-content\/uploads\/sites\/7\/2026\/01\/comprehensive-1.webp\"\r\n\t\t\t\t\t\t\t\t alt=\"SOLU\u00c7\u00d5ES LOG\u00cdSTICAS COMPLETAS\">\r\n\t\t\t\t\t\t\r\n\t\t\t\t\t\t\t\t\t\t\t\t\t<img decoding=\"async\" class=\"logisvc-arrow\"\r\n\t\t\t\t\t\t\t\t src=\"https:\/\/www.noatum-unicargas-logistics.ao\/pt-pt\/wp-content\/themes\/logistics-parent\/assets\/icons\/diagonal-arrow-right-up.svg\"\r\n\t\t\t\t\t\t\t\t alt=\"arrow\">\r\n\t\t\t\t\t\t\r\n\t\t\t\t\t\t\t\t\t\t\t\t\t\t\t\t\t\t\t\t\t<a href=\"https:\/\/www.noatum-unicargas-logistics.ao\/pt-pt\/solucoes-logisticas-completas\/\">\r\n\t\t\t\t\t\t\t\t\tSOLU\u00c7\u00d5ES LOG\u00cdSTICAS COMPLETAS\t\t\t\t\t\t\t\t<\/a>\r\n\t\t\t\t\t\t\t\t\t\t\t\t\t\r\n\t\t\t\t\t<\/div>\r\n\t\t\t\t<\/div>\r\n\r\n\t\t\t\t\t\r\n\t<\/div>\r\n\t<\/section>\n\n<section class=\"wysiwug-block\" class=\"wp-block-meta-box-wysiwug-template\">\n  <div class=\"container\">\n\t\t<div class=\"main-content\">\n\t\t\t\t\n\t\t\t\t<h2 style=\"text-align: center\">SOLU\u00c7\u00d5ES LOG\u00cdSTICAS COMPLETAS<\/h2>\n<p>A Noatum Unicargas Logistics oferece uma vasta gama de solu\u00e7\u00f5es, garantindo a cobertura de todas as necessidades dos nossos clientes:<\/p>\n<ul>\n<li>Gest\u00e3o e consultoria de opera\u00e7\u00f5es banc\u00e1rias e de seguros.<\/li>\n<li>Um servi\u00e7o porta-a-porta com representa\u00e7\u00e3o em mais de 500 cidades em todo o mundo.<\/li>\n<li>Tratamos de toda a documenta\u00e7\u00e3o necess\u00e1ria para evitar que quaisquer quest\u00f5es fiscais, legais ou outras atrasem o processo log\u00edstico, incluindo a valida\u00e7\u00e3o de conhecimento de carga, faturas pro-forma, listas de embalagem, documenta\u00e7\u00e3o de transporte (ARCCLA) e outros documentos.<\/li>\n<li>Servi\u00e7os especiais para cargas delicadas, com cumprimento da legisla\u00e7\u00e3o e abrangendo todos os procedimentos documentais, armazenamento e transporte especializado.<\/li>\n<li>Servi\u00e7os de consultoria ao cliente para todas as quest\u00f5es de importa\u00e7\u00e3o e exporta\u00e7\u00e3o, incluindo movimentos portu\u00e1rios, especifica\u00e7\u00f5es de transporte a\u00e9reo e outras plataformas de rece\u00e7\u00e3o e expedi\u00e7\u00e3o de mercadorias e cargas.<\/li>\n<\/ul>\n\t\t\t\t\n\t\t<\/div>\n\t<\/div>\n<\/section>","protected":false},"excerpt":{"rendered":"","protected":false},"author":17,"featured_media":0,"parent":0,"menu_order":0,"comment_status":"closed","ping_status":"closed","template":"","meta":{"_acf_changed":false,"_trash_the_other_posts":false,"editor_notices":[],"footnotes":""},"class_list":["post-169","page","type-page","status-publish","hentry"],"acf":[],"yoast_head":"<!-- This site is optimized with the Yoast SEO plugin v27.4 - https:\/\/yoast.com\/product\/yoast-seo-wordpress\/ -->\n<title>SOLU\u00c7\u00d5ES LOG\u00cdSTICAS COMPLETAS - Noatum PT<\/title>\n<meta name=\"robots\" content=\"index, follow, max-snippet:-1, max-image-preview:large, max-video-preview:-1\" \/>\n<link rel=\"canonical\" href=\"https:\/\/www.noatum-unicargas-logistics.ao\/pt-pt\/solucoes-logisticas-completas\/\" \/>\n<meta property=\"og:locale\" content=\"en_US\" \/>\n<meta property=\"og:type\" content=\"article\" \/>\n<meta property=\"og:title\" content=\"SOLU\u00c7\u00d5ES LOG\u00cdSTICAS COMPLETAS - Noatum PT\" \/>\n<meta property=\"og:url\" content=\"https:\/\/www.noatum-unicargas-logistics.ao\/pt-pt\/solucoes-logisticas-completas\/\" \/>\n<meta property=\"og:site_name\" content=\"Noatum PT\" \/>\n<meta property=\"article:modified_time\" content=\"2026-01-05T05:31:35+00:00\" \/>\n<meta name=\"twitter:card\" content=\"summary_large_image\" \/>\n<script type=\"application\/ld+json\" class=\"yoast-schema-graph\">{\"@context\":\"https:\\\/\\\/schema.org\",\"@graph\":[{\"@type\":\"WebPage\",\"@id\":\"https:\\\/\\\/www.noatum-unicargas-logistics.ao\\\/pt-pt\\\/solucoes-logisticas-completas\\\/\",\"url\":\"https:\\\/\\\/www.noatum-unicargas-logistics.ao\\\/pt-pt\\\/solucoes-logisticas-completas\\\/\",\"name\":\"SOLU\u00c7\u00d5ES LOG\u00cdSTICAS COMPLETAS - Noatum PT\",\"isPartOf\":{\"@id\":\"https:\\\/\\\/www.noatum-unicargas-logistics.ao\\\/pt-pt\\\/#website\"},\"datePublished\":\"2025-12-31T05:54:59+00:00\",\"dateModified\":\"2026-01-05T05:31:35+00:00\",\"breadcrumb\":{\"@id\":\"https:\\\/\\\/www.noatum-unicargas-logistics.ao\\\/pt-pt\\\/solucoes-logisticas-completas\\\/#breadcrumb\"},\"inLanguage\":\"en-US\",\"potentialAction\":[{\"@type\":\"ReadAction\",\"target\":[\"https:\\\/\\\/www.noatum-unicargas-logistics.ao\\\/pt-pt\\\/solucoes-logisticas-completas\\\/\"]}]},{\"@type\":\"BreadcrumbList\",\"@id\":\"https:\\\/\\\/www.noatum-unicargas-logistics.ao\\\/pt-pt\\\/solucoes-logisticas-completas\\\/#breadcrumb\",\"itemListElement\":[{\"@type\":\"ListItem\",\"position\":1,\"name\":\"Home\",\"item\":\"https:\\\/\\\/www.noatum-unicargas-logistics.ao\\\/pt-pt\\\/\"},{\"@type\":\"ListItem\",\"position\":2,\"name\":\"SOLU\u00c7\u00d5ES LOG\u00cdSTICAS COMPLETAS\"}]},{\"@type\":\"WebSite\",\"@id\":\"https:\\\/\\\/www.noatum-unicargas-logistics.ao\\\/pt-pt\\\/#website\",\"url\":\"https:\\\/\\\/www.noatum-unicargas-logistics.ao\\\/pt-pt\\\/\",\"name\":\"Noatum PT\",\"description\":\"\",\"potentialAction\":[{\"@type\":\"SearchAction\",\"target\":{\"@type\":\"EntryPoint\",\"urlTemplate\":\"https:\\\/\\\/www.noatum-unicargas-logistics.ao\\\/pt-pt\\\/?s={search_term_string}\"},\"query-input\":{\"@type\":\"PropertyValueSpecification\",\"valueRequired\":true,\"valueName\":\"search_term_string\"}}],\"inLanguage\":\"en-US\"}]}<\/script>\n<!-- \/ Yoast SEO plugin. -->","yoast_head_json":{"title":"SOLU\u00c7\u00d5ES LOG\u00cdSTICAS COMPLETAS - Noatum PT","robots":{"index":"index","follow":"follow","max-snippet":"max-snippet:-1","max-image-preview":"max-image-preview:large","max-video-preview":"max-video-preview:-1"},"canonical":"https:\/\/www.noatum-unicargas-logistics.ao\/pt-pt\/solucoes-logisticas-completas\/","og_locale":"en_US","og_type":"article","og_title":"SOLU\u00c7\u00d5ES LOG\u00cdSTICAS COMPLETAS - Noatum PT","og_url":"https:\/\/www.noatum-unicargas-logistics.ao\/pt-pt\/solucoes-logisticas-completas\/","og_site_name":"Noatum PT","article_modified_time":"2026-01-05T05:31:35+00:00","twitter_card":"summary_large_image","schema":{"@context":"https:\/\/schema.org","@graph":[{"@type":"WebPage","@id":"https:\/\/www.noatum-unicargas-logistics.ao\/pt-pt\/solucoes-logisticas-completas\/","url":"https:\/\/www.noatum-unicargas-logistics.ao\/pt-pt\/solucoes-logisticas-completas\/","name":"SOLU\u00c7\u00d5ES LOG\u00cdSTICAS COMPLETAS - Noatum PT","isPartOf":{"@id":"https:\/\/www.noatum-unicargas-logistics.ao\/pt-pt\/#website"},"datePublished":"2025-12-31T05:54:59+00:00","dateModified":"2026-01-05T05:31:35+00:00","breadcrumb":{"@id":"https:\/\/www.noatum-unicargas-logistics.ao\/pt-pt\/solucoes-logisticas-completas\/#breadcrumb"},"inLanguage":"en-US","potentialAction":[{"@type":"ReadAction","target":["https:\/\/www.noatum-unicargas-logistics.ao\/pt-pt\/solucoes-logisticas-completas\/"]}]},{"@type":"BreadcrumbList","@id":"https:\/\/www.noatum-unicargas-logistics.ao\/pt-pt\/solucoes-logisticas-completas\/#breadcrumb","itemListElement":[{"@type":"ListItem","position":1,"name":"Home","item":"https:\/\/www.noatum-unicargas-logistics.ao\/pt-pt\/"},{"@type":"ListItem","position":2,"name":"SOLU\u00c7\u00d5ES LOG\u00cdSTICAS COMPLETAS"}]},{"@type":"WebSite","@id":"https:\/\/www.noatum-unicargas-logistics.ao\/pt-pt\/#website","url":"https:\/\/www.noatum-unicargas-logistics.ao\/pt-pt\/","name":"Noatum PT","description":"","potentialAction":[{"@type":"SearchAction","target":{"@type":"EntryPoint","urlTemplate":"https:\/\/www.noatum-unicargas-logistics.ao\/pt-pt\/?s={search_term_string}"},"query-input":{"@type":"PropertyValueSpecification","valueRequired":true,"valueName":"search_term_string"}}],"inLanguage":"en-US"}]}},"jetpack_sharing_enabled":true,"meta_box":[],"_links":{"self":[{"href":"https:\/\/www.noatum-unicargas-logistics.ao\/pt-pt\/wp-json\/wp\/v2\/pages\/169","targetHints":{"allow":["GET"]}}],"collection":[{"href":"https:\/\/www.noatum-unicargas-logistics.ao\/pt-pt\/wp-json\/wp\/v2\/pages"}],"about":[{"href":"https:\/\/www.noatum-unicargas-logistics.ao\/pt-pt\/wp-json\/wp\/v2\/types\/page"}],"author":[{"embeddable":true,"href":"https:\/\/www.noatum-unicargas-logistics.ao\/pt-pt\/wp-json\/wp\/v2\/users\/17"}],"replies":[{"embeddable":true,"href":"https:\/\/www.noatum-unicargas-logistics.ao\/pt-pt\/wp-json\/wp\/v2\/comments?post=169"}],"version-history":[{"count":3,"href":"https:\/\/www.noatum-unicargas-logistics.ao\/pt-pt\/wp-json\/wp\/v2\/pages\/169\/revisions"}],"predecessor-version":[{"id":296,"href":"https:\/\/www.noatum-unicargas-logistics.ao\/pt-pt\/wp-json\/wp\/v2\/pages\/169\/revisions\/296"}],"wp:attachment":[{"href":"https:\/\/www.noatum-unicargas-logistics.ao\/pt-pt\/wp-json\/wp\/v2\/media?parent=169"}],"curies":[{"name":"wp","href":"https:\/\/api.w.org\/{rel}","templated":true}]}}