{"id":167,"date":"2025-12-31T05:56:30","date_gmt":"2025-12-31T05:56:30","guid":{"rendered":"https:\/\/wpvip.adportsgroup.com\/noatummaritime\/?page_id=167"},"modified":"2026-01-02T17:14:09","modified_gmt":"2026-01-02T17:14:09","slug":"transporte-rodoviario-e-frete-ferroviario","status":"publish","type":"page","link":"https:\/\/www.noatum-unicargas-logistics.ao\/pt-pt\/transporte-rodoviario-e-frete-ferroviario\/","title":{"rendered":"TRANSPORTE RODOVI\u00c1RIO E FRETE FERROVI\u00c1RIO"},"content":{"rendered":"\r\n<section class=\"logistics-services\" class=\"wp-block-meta-box-logistics-services\">\r\n\t\t\t<h1 class=\"main-heading\">Servi\u00e7os De Log\u00edstica<\/h1>\r\n\t\t<div class=\"boxes-grid logisvc-container\">\r\n\r\n\t\t\t\t\t\r\n\t\t\t\t\r\n\t\t\t\t<div class=\"box\">\r\n\t\t\t\t\t<div class=\"box-items\">\r\n\r\n\t\t\t\t\t\t\t\t\t\t\t\t\t<img decoding=\"async\" class=\"box-items-image\"\r\n\t\t\t\t\t\t\t\t src=\"https:\/\/www.noatum-unicargas-logistics.ao\/pt-pt\/wp-content\/uploads\/sites\/7\/2026\/01\/air-freight.png\"\r\n\t\t\t\t\t\t\t\t alt=\"FRETE A\u00c9REO\">\r\n\t\t\t\t\t\t\r\n\t\t\t\t\t\t\t\t\t\t\t\t\t<img decoding=\"async\" class=\"logisvc-arrow\"\r\n\t\t\t\t\t\t\t\t src=\"https:\/\/www.noatum-unicargas-logistics.ao\/pt-pt\/wp-content\/themes\/logistics-parent\/assets\/icons\/diagonal-arrow-right-up.svg\"\r\n\t\t\t\t\t\t\t\t alt=\"arrow\">\r\n\t\t\t\t\t\t\r\n\t\t\t\t\t\t\t\t\t\t\t\t\t\t\t\t\t\t\t\t\t<a href=\"https:\/\/www.noatum-unicargas-logistics.ao\/pt-pt\/frete-aereo\/\">\r\n\t\t\t\t\t\t\t\t\tFRETE A\u00c9REO\t\t\t\t\t\t\t\t<\/a>\r\n\t\t\t\t\t\t\t\t\t\t\t\t\t\r\n\t\t\t\t\t<\/div>\r\n\t\t\t\t<\/div>\r\n\r\n\t\t\t\r\n\t\t\t\t\r\n\t\t\t\t<div class=\"box\">\r\n\t\t\t\t\t<div class=\"box-items\">\r\n\r\n\t\t\t\t\t\t\t\t\t\t\t\t\t<img decoding=\"async\" class=\"box-items-image\"\r\n\t\t\t\t\t\t\t\t src=\"https:\/\/www.noatum-unicargas-logistics.ao\/pt-pt\/wp-content\/uploads\/sites\/7\/2026\/01\/ocean-frieght.webp\"\r\n\t\t\t\t\t\t\t\t alt=\"FRETE MAR\u00cdTIMO\">\r\n\t\t\t\t\t\t\r\n\t\t\t\t\t\t\t\t\t\t\t\t\t<img decoding=\"async\" class=\"logisvc-arrow\"\r\n\t\t\t\t\t\t\t\t src=\"https:\/\/www.noatum-unicargas-logistics.ao\/pt-pt\/wp-content\/themes\/logistics-parent\/assets\/icons\/diagonal-arrow-right-up.svg\"\r\n\t\t\t\t\t\t\t\t alt=\"arrow\">\r\n\t\t\t\t\t\t\r\n\t\t\t\t\t\t\t\t\t\t\t\t\t\t\t\t\t\t\t\t\t<a href=\"https:\/\/www.noatum-unicargas-logistics.ao\/pt-pt\/frete-maritimo\/\">\r\n\t\t\t\t\t\t\t\t\tFRETE MAR\u00cdTIMO\t\t\t\t\t\t\t\t<\/a>\r\n\t\t\t\t\t\t\t\t\t\t\t\t\t\r\n\t\t\t\t\t<\/div>\r\n\t\t\t\t<\/div>\r\n\r\n\t\t\t\r\n\t\t\t\t\r\n\t\t\t\t<div class=\"box\">\r\n\t\t\t\t\t<div class=\"box-items\">\r\n\r\n\t\t\t\t\t\t\t\t\t\t\t\t\t<img decoding=\"async\" class=\"box-items-image\"\r\n\t\t\t\t\t\t\t\t src=\"https:\/\/www.noatum-unicargas-logistics.ao\/pt-pt\/wp-content\/uploads\/sites\/7\/2026\/01\/inland-transportation.png\"\r\n\t\t\t\t\t\t\t\t alt=\"TRANSPORTE RODOVI\u00c1RIO E FRETE FERROVI\u00c1RIO\">\r\n\t\t\t\t\t\t\r\n\t\t\t\t\t\t\t\t\t\t\t\t\t<img decoding=\"async\" class=\"logisvc-arrow\"\r\n\t\t\t\t\t\t\t\t src=\"https:\/\/www.noatum-unicargas-logistics.ao\/pt-pt\/wp-content\/themes\/logistics-parent\/assets\/icons\/diagonal-arrow-right-up.svg\"\r\n\t\t\t\t\t\t\t\t alt=\"arrow\">\r\n\t\t\t\t\t\t\r\n\t\t\t\t\t\t\t\t\t\t\t\t\t\t\t\t\t\t\t\t\t<a href=\"https:\/\/www.noatum-unicargas-logistics.ao\/pt-pt\/transporte-rodoviario-e-frete-ferroviario\/\">\r\n\t\t\t\t\t\t\t\t\tTRANSPORTE RODOVI\u00c1RIO E FRETE FERROVI\u00c1RIO\t\t\t\t\t\t\t\t<\/a>\r\n\t\t\t\t\t\t\t\t\t\t\t\t\t\r\n\t\t\t\t\t<\/div>\r\n\t\t\t\t<\/div>\r\n\r\n\t\t\t\r\n\t\t\t\t\r\n\t\t\t\t<div class=\"box box-border-right\">\r\n\t\t\t\t\t<div class=\"box-items\">\r\n\r\n\t\t\t\t\t\t\t\t\t\t\t\t\t<img decoding=\"async\" class=\"box-items-image\"\r\n\t\t\t\t\t\t\t\t src=\"https:\/\/www.noatum-unicargas-logistics.ao\/pt-pt\/wp-content\/uploads\/sites\/7\/2026\/01\/warehousing.png\"\r\n\t\t\t\t\t\t\t\t alt=\"ARMAZENAMENTO E DISTRIBUI\u00c7\u00c3O\">\r\n\t\t\t\t\t\t\r\n\t\t\t\t\t\t\t\t\t\t\t\t\t<img decoding=\"async\" class=\"logisvc-arrow\"\r\n\t\t\t\t\t\t\t\t src=\"https:\/\/www.noatum-unicargas-logistics.ao\/pt-pt\/wp-content\/themes\/logistics-parent\/assets\/icons\/diagonal-arrow-right-up.svg\"\r\n\t\t\t\t\t\t\t\t alt=\"arrow\">\r\n\t\t\t\t\t\t\r\n\t\t\t\t\t\t\t\t\t\t\t\t\t\t\t\t\t\t\t\t\t<a href=\"https:\/\/www.noatum-unicargas-logistics.ao\/pt-pt\/armazenamento-e-distribuicao\/\">\r\n\t\t\t\t\t\t\t\t\tARMAZENAMENTO E DISTRIBUI\u00c7\u00c3O\t\t\t\t\t\t\t\t<\/a>\r\n\t\t\t\t\t\t\t\t\t\t\t\t\t\r\n\t\t\t\t\t<\/div>\r\n\t\t\t\t<\/div>\r\n\r\n\t\t\t\r\n\t\t\t\t\r\n\t\t\t\t<div class=\"box box-border-bottom\">\r\n\t\t\t\t\t<div class=\"box-items\">\r\n\r\n\t\t\t\t\t\t\t\t\t\t\t\t\t<img decoding=\"async\" class=\"box-items-image\"\r\n\t\t\t\t\t\t\t\t src=\"https:\/\/www.noatum-unicargas-logistics.ao\/pt-pt\/wp-content\/uploads\/sites\/7\/2026\/01\/custom-broker.webp\"\r\n\t\t\t\t\t\t\t\t alt=\"AGENTE ADUANEIRO\">\r\n\t\t\t\t\t\t\r\n\t\t\t\t\t\t\t\t\t\t\t\t\t<img decoding=\"async\" class=\"logisvc-arrow\"\r\n\t\t\t\t\t\t\t\t src=\"https:\/\/www.noatum-unicargas-logistics.ao\/pt-pt\/wp-content\/themes\/logistics-parent\/assets\/icons\/diagonal-arrow-right-up.svg\"\r\n\t\t\t\t\t\t\t\t alt=\"arrow\">\r\n\t\t\t\t\t\t\r\n\t\t\t\t\t\t\t\t\t\t\t\t\t\t\t\t\t\t\t\t\t<a href=\"https:\/\/www.noatum-unicargas-logistics.ao\/pt-pt\/agente-aduaneiro\/\">\r\n\t\t\t\t\t\t\t\t\tAGENTE ADUANEIRO\t\t\t\t\t\t\t\t<\/a>\r\n\t\t\t\t\t\t\t\t\t\t\t\t\t\r\n\t\t\t\t\t<\/div>\r\n\t\t\t\t<\/div>\r\n\r\n\t\t\t\r\n\t\t\t\t\r\n\t\t\t\t<div class=\"box box-border-bottom\">\r\n\t\t\t\t\t<div class=\"box-items\">\r\n\r\n\t\t\t\t\t\t\t\t\t\t\t\t\t<img decoding=\"async\" class=\"box-items-image\"\r\n\t\t\t\t\t\t\t\t src=\"https:\/\/www.noatum-unicargas-logistics.ao\/pt-pt\/wp-content\/uploads\/sites\/7\/2026\/01\/oil-gas.png\"\r\n\t\t\t\t\t\t\t\t alt=\"SERVI\u00c7OS DE PETR\u00d3LEO E G\u00c1S\">\r\n\t\t\t\t\t\t\r\n\t\t\t\t\t\t\t\t\t\t\t\t\t<img decoding=\"async\" class=\"logisvc-arrow\"\r\n\t\t\t\t\t\t\t\t src=\"https:\/\/www.noatum-unicargas-logistics.ao\/pt-pt\/wp-content\/themes\/logistics-parent\/assets\/icons\/diagonal-arrow-right-up.svg\"\r\n\t\t\t\t\t\t\t\t alt=\"arrow\">\r\n\t\t\t\t\t\t\r\n\t\t\t\t\t\t\t\t\t\t\t\t\t\t\t\t\t\t\t\t\t<a href=\"https:\/\/www.noatum-unicargas-logistics.ao\/pt-pt\/servicos-de-petroleo-e-gas\/\">\r\n\t\t\t\t\t\t\t\t\tSERVI\u00c7OS DE PETR\u00d3LEO E G\u00c1S\t\t\t\t\t\t\t\t<\/a>\r\n\t\t\t\t\t\t\t\t\t\t\t\t\t\r\n\t\t\t\t\t<\/div>\r\n\t\t\t\t<\/div>\r\n\r\n\t\t\t\r\n\t\t\t\t\r\n\t\t\t\t<div class=\"box box-border-bottom\">\r\n\t\t\t\t\t<div class=\"box-items\">\r\n\r\n\t\t\t\t\t\t\t\t\t\t\t\t\t<img decoding=\"async\" class=\"box-items-image\"\r\n\t\t\t\t\t\t\t\t src=\"https:\/\/www.noatum-unicargas-logistics.ao\/pt-pt\/wp-content\/uploads\/sites\/7\/2026\/01\/logistics.webp\"\r\n\t\t\t\t\t\t\t\t alt=\"CENTROS LOG\u00cdSTICOS\">\r\n\t\t\t\t\t\t\r\n\t\t\t\t\t\t\t\t\t\t\t\t\t<img decoding=\"async\" class=\"logisvc-arrow\"\r\n\t\t\t\t\t\t\t\t src=\"https:\/\/www.noatum-unicargas-logistics.ao\/pt-pt\/wp-content\/themes\/logistics-parent\/assets\/icons\/diagonal-arrow-right-up.svg\"\r\n\t\t\t\t\t\t\t\t alt=\"arrow\">\r\n\t\t\t\t\t\t\r\n\t\t\t\t\t\t\t\t\t\t\t\t\t\t\t\t\t\t\t\t\t<a href=\"https:\/\/www.noatum-unicargas-logistics.ao\/pt-pt\/centros-logisticos\/\">\r\n\t\t\t\t\t\t\t\t\tCENTROS LOG\u00cdSTICOS\t\t\t\t\t\t\t\t<\/a>\r\n\t\t\t\t\t\t\t\t\t\t\t\t\t\r\n\t\t\t\t\t<\/div>\r\n\t\t\t\t<\/div>\r\n\r\n\t\t\t\r\n\t\t\t\t\r\n\t\t\t\t<div class=\"box box-border-right box-border-bottom\">\r\n\t\t\t\t\t<div class=\"box-items\">\r\n\r\n\t\t\t\t\t\t\t\t\t\t\t\t\t<img decoding=\"async\" class=\"box-items-image\"\r\n\t\t\t\t\t\t\t\t src=\"https:\/\/www.noatum-unicargas-logistics.ao\/pt-pt\/wp-content\/uploads\/sites\/7\/2026\/01\/comprehensive-1.webp\"\r\n\t\t\t\t\t\t\t\t alt=\"SOLU\u00c7\u00d5ES LOG\u00cdSTICAS COMPLETAS\">\r\n\t\t\t\t\t\t\r\n\t\t\t\t\t\t\t\t\t\t\t\t\t<img decoding=\"async\" class=\"logisvc-arrow\"\r\n\t\t\t\t\t\t\t\t src=\"https:\/\/www.noatum-unicargas-logistics.ao\/pt-pt\/wp-content\/themes\/logistics-parent\/assets\/icons\/diagonal-arrow-right-up.svg\"\r\n\t\t\t\t\t\t\t\t alt=\"arrow\">\r\n\t\t\t\t\t\t\r\n\t\t\t\t\t\t\t\t\t\t\t\t\t\t\t\t\t\t\t\t\t<a href=\"https:\/\/www.noatum-unicargas-logistics.ao\/pt-pt\/solucoes-logisticas-completas\/\">\r\n\t\t\t\t\t\t\t\t\tSOLU\u00c7\u00d5ES LOG\u00cdSTICAS COMPLETAS\t\t\t\t\t\t\t\t<\/a>\r\n\t\t\t\t\t\t\t\t\t\t\t\t\t\r\n\t\t\t\t\t<\/div>\r\n\t\t\t\t<\/div>\r\n\r\n\t\t\t\t\t\r\n\t<\/div>\r\n\t<\/section>\n\n<section class=\"wysiwug-block\" class=\"wp-block-meta-box-wysiwug-template\">\n  <div class=\"container\">\n\t\t<div class=\"main-content\">\n\t\t\t\t\n\t\t\t\t<h2 style=\"text-align: center\"><strong>TRANSPORTE RODOVI\u00c1RIO E FRETE FERROVI\u00c1RIO<\/strong><\/h2>\n<p>Num mundo cada vez mais globalizado, com uma integra\u00e7\u00e3o social e econ\u00f3mica crescente, as rela\u00e7\u00f5es comerciais entre pa\u00edses, regi\u00f5es e cidades est\u00e3o a multiplicar-se cada vez mais, o que torna o transporte rodovi\u00e1rio uma quest\u00e3o cada vez mais exigente e complexa.<\/p>\n<p>Com mais de 35 anos a operar no mercado nacional angolano, a Noatum Unicargas Logistics possui uma vasta experi\u00eancia em v\u00e1rios tipos de log\u00edstica de carga, incluindo:<\/p>\n<ul class=\"wp-block-list\">\n<li>Otimiza\u00e7\u00e3o do espa\u00e7o e do itiner\u00e1rio de encaminhamento de cami\u00f5es<\/li>\n<li>Solu\u00e7\u00f5es de transporte intermodal (mar\u00edtimo-rodovi\u00e1rio, a\u00e9reo e rodovi\u00e1rio)<\/li>\n<li>Carga completa de cami\u00e3o (transporte FTL)<\/li>\n<li>Carga parcial \u00e0 carga do cami\u00e3o (carga LTL)<\/li>\n<li>Transporte de contentores (transporte por cami\u00e3o de contentores em dist\u00e2ncias curtas)<\/li>\n<li>Distribui\u00e7\u00e3o, incluindo o reabastecimento e entregas de encomendas<\/li>\n<li>Servi\u00e7os de transporte ferrovi\u00e1rio de mercadorias, rebocadores e batel\u00f5es para a log\u00edstica intermodal<\/li>\n<li>Transporte de cargas de projeto, cargas pesadas e reboques de cargas de grandes dimens\u00f5es (OOG)<\/li>\n<li>Comunica\u00e7\u00e3o com a torre de controlo<\/li>\n<li>Servi\u00e7os de entrega por cami\u00e3o de contentores porta-a-porta<\/li>\n<li>Opera\u00e7\u00f5es comerciais cruzadas<\/li>\n<li>Cross-docking e transporte rodovi\u00e1rio nacional<\/li>\n<li>Servi\u00e7os ferrovi\u00e1rios para longas dist\u00e2ncias no interior, tais como comboios de mercadorias com contentores de carga.<\/li>\n<li>Equipamentos especializados para o transporte intermodal, assegurando um transporte terrestre r\u00e1pido e sem interrup\u00e7\u00f5es e desalfandegamentos em cross-docking.<\/li>\n<\/ul>\n<p>Estamos focados em oferecer um servi\u00e7o de excel\u00eancia aos nossos clientes e \u00e0 economia nacional, atrav\u00e9s de uma melhoria e expans\u00e3o constante da nossa frota de mais de 250 cami\u00f5es, cobrindo todo o pa\u00eds. Trabalhamos para tornar os pre\u00e7os de mercado mais competitivos entre todos os v\u00e1rios tipos de frotas, atrav\u00e9s da liga\u00e7\u00e3o entre tecnologias de informa\u00e7\u00e3o que nos permitem fornecer informa\u00e7\u00f5es atempadas aos nossos clientes sobre o transporte de carga.<\/p>\n<p>Na Noatum Unicargas Logistics dispomos de um departamento especializado que tem como miss\u00e3o o transporte rodovi\u00e1rio de mercadorias a granel em contentores, assegurando os servi\u00e7os de carga e entrega nos seus destinos no momento certo, visando o aumento da satisfa\u00e7\u00e3o do cliente e a cria\u00e7\u00e3o de valor.<\/p>\n<p>Conscientes da responsabilidade social e ambiental acrescida resultante do crescimento da nossa frota e da expans\u00e3o das rotas que oferecemos, na Noatum Unicargas Logistics preocupamo-nos com as condi\u00e7\u00f5es t\u00e9cnicas das nossas opera\u00e7\u00f5es, com a atualiza\u00e7\u00e3o da nossa frota e com a qualidade dos consum\u00edveis que utilizamos, de forma a minimizar o nosso impacto ambiental.<\/p>\n\t\t\t\t\n\t\t<\/div>\n\t<\/div>\n<\/section>","protected":false},"excerpt":{"rendered":"","protected":false},"author":20,"featured_media":0,"parent":0,"menu_order":0,"comment_status":"closed","ping_status":"closed","template":"","meta":{"_acf_changed":false,"_trash_the_other_posts":false,"editor_notices":[],"footnotes":""},"class_list":["post-167","page","type-page","status-publish","hentry"],"acf":[],"yoast_head":"<!-- This site is optimized with the Yoast SEO plugin v27.4 - https:\/\/yoast.com\/product\/yoast-seo-wordpress\/ -->\n<title>TRANSPORTE RODOVI\u00c1RIO E FRETE FERROVI\u00c1RIO - Noatum PT<\/title>\n<meta name=\"robots\" content=\"index, follow, max-snippet:-1, max-image-preview:large, max-video-preview:-1\" \/>\n<link rel=\"canonical\" href=\"https:\/\/www.noatum-unicargas-logistics.ao\/pt-pt\/transporte-rodoviario-e-frete-ferroviario\/\" \/>\n<meta property=\"og:locale\" content=\"en_US\" \/>\n<meta property=\"og:type\" content=\"article\" \/>\n<meta property=\"og:title\" content=\"TRANSPORTE RODOVI\u00c1RIO E FRETE FERROVI\u00c1RIO - Noatum PT\" \/>\n<meta property=\"og:url\" content=\"https:\/\/www.noatum-unicargas-logistics.ao\/pt-pt\/transporte-rodoviario-e-frete-ferroviario\/\" \/>\n<meta property=\"og:site_name\" content=\"Noatum PT\" \/>\n<meta property=\"article:modified_time\" content=\"2026-01-02T17:14:09+00:00\" \/>\n<meta name=\"twitter:card\" content=\"summary_large_image\" \/>\n<script type=\"application\/ld+json\" class=\"yoast-schema-graph\">{\"@context\":\"https:\\\/\\\/schema.org\",\"@graph\":[{\"@type\":\"WebPage\",\"@id\":\"https:\\\/\\\/www.noatum-unicargas-logistics.ao\\\/pt-pt\\\/transporte-rodoviario-e-frete-ferroviario\\\/\",\"url\":\"https:\\\/\\\/www.noatum-unicargas-logistics.ao\\\/pt-pt\\\/transporte-rodoviario-e-frete-ferroviario\\\/\",\"name\":\"TRANSPORTE RODOVI\u00c1RIO E FRETE FERROVI\u00c1RIO - Noatum PT\",\"isPartOf\":{\"@id\":\"https:\\\/\\\/www.noatum-unicargas-logistics.ao\\\/pt-pt\\\/#website\"},\"datePublished\":\"2025-12-31T05:56:30+00:00\",\"dateModified\":\"2026-01-02T17:14:09+00:00\",\"breadcrumb\":{\"@id\":\"https:\\\/\\\/www.noatum-unicargas-logistics.ao\\\/pt-pt\\\/transporte-rodoviario-e-frete-ferroviario\\\/#breadcrumb\"},\"inLanguage\":\"en-US\",\"potentialAction\":[{\"@type\":\"ReadAction\",\"target\":[\"https:\\\/\\\/www.noatum-unicargas-logistics.ao\\\/pt-pt\\\/transporte-rodoviario-e-frete-ferroviario\\\/\"]}]},{\"@type\":\"BreadcrumbList\",\"@id\":\"https:\\\/\\\/www.noatum-unicargas-logistics.ao\\\/pt-pt\\\/transporte-rodoviario-e-frete-ferroviario\\\/#breadcrumb\",\"itemListElement\":[{\"@type\":\"ListItem\",\"position\":1,\"name\":\"Home\",\"item\":\"https:\\\/\\\/www.noatum-unicargas-logistics.ao\\\/pt-pt\\\/\"},{\"@type\":\"ListItem\",\"position\":2,\"name\":\"TRANSPORTE RODOVI\u00c1RIO E FRETE FERROVI\u00c1RIO\"}]},{\"@type\":\"WebSite\",\"@id\":\"https:\\\/\\\/www.noatum-unicargas-logistics.ao\\\/pt-pt\\\/#website\",\"url\":\"https:\\\/\\\/www.noatum-unicargas-logistics.ao\\\/pt-pt\\\/\",\"name\":\"Noatum PT\",\"description\":\"\",\"potentialAction\":[{\"@type\":\"SearchAction\",\"target\":{\"@type\":\"EntryPoint\",\"urlTemplate\":\"https:\\\/\\\/www.noatum-unicargas-logistics.ao\\\/pt-pt\\\/?s={search_term_string}\"},\"query-input\":{\"@type\":\"PropertyValueSpecification\",\"valueRequired\":true,\"valueName\":\"search_term_string\"}}],\"inLanguage\":\"en-US\"}]}<\/script>\n<!-- \/ Yoast SEO plugin. -->","yoast_head_json":{"title":"TRANSPORTE RODOVI\u00c1RIO E FRETE FERROVI\u00c1RIO - Noatum PT","robots":{"index":"index","follow":"follow","max-snippet":"max-snippet:-1","max-image-preview":"max-image-preview:large","max-video-preview":"max-video-preview:-1"},"canonical":"https:\/\/www.noatum-unicargas-logistics.ao\/pt-pt\/transporte-rodoviario-e-frete-ferroviario\/","og_locale":"en_US","og_type":"article","og_title":"TRANSPORTE RODOVI\u00c1RIO E FRETE FERROVI\u00c1RIO - Noatum PT","og_url":"https:\/\/www.noatum-unicargas-logistics.ao\/pt-pt\/transporte-rodoviario-e-frete-ferroviario\/","og_site_name":"Noatum PT","article_modified_time":"2026-01-02T17:14:09+00:00","twitter_card":"summary_large_image","schema":{"@context":"https:\/\/schema.org","@graph":[{"@type":"WebPage","@id":"https:\/\/www.noatum-unicargas-logistics.ao\/pt-pt\/transporte-rodoviario-e-frete-ferroviario\/","url":"https:\/\/www.noatum-unicargas-logistics.ao\/pt-pt\/transporte-rodoviario-e-frete-ferroviario\/","name":"TRANSPORTE RODOVI\u00c1RIO E FRETE FERROVI\u00c1RIO - Noatum PT","isPartOf":{"@id":"https:\/\/www.noatum-unicargas-logistics.ao\/pt-pt\/#website"},"datePublished":"2025-12-31T05:56:30+00:00","dateModified":"2026-01-02T17:14:09+00:00","breadcrumb":{"@id":"https:\/\/www.noatum-unicargas-logistics.ao\/pt-pt\/transporte-rodoviario-e-frete-ferroviario\/#breadcrumb"},"inLanguage":"en-US","potentialAction":[{"@type":"ReadAction","target":["https:\/\/www.noatum-unicargas-logistics.ao\/pt-pt\/transporte-rodoviario-e-frete-ferroviario\/"]}]},{"@type":"BreadcrumbList","@id":"https:\/\/www.noatum-unicargas-logistics.ao\/pt-pt\/transporte-rodoviario-e-frete-ferroviario\/#breadcrumb","itemListElement":[{"@type":"ListItem","position":1,"name":"Home","item":"https:\/\/www.noatum-unicargas-logistics.ao\/pt-pt\/"},{"@type":"ListItem","position":2,"name":"TRANSPORTE RODOVI\u00c1RIO E FRETE FERROVI\u00c1RIO"}]},{"@type":"WebSite","@id":"https:\/\/www.noatum-unicargas-logistics.ao\/pt-pt\/#website","url":"https:\/\/www.noatum-unicargas-logistics.ao\/pt-pt\/","name":"Noatum PT","description":"","potentialAction":[{"@type":"SearchAction","target":{"@type":"EntryPoint","urlTemplate":"https:\/\/www.noatum-unicargas-logistics.ao\/pt-pt\/?s={search_term_string}"},"query-input":{"@type":"PropertyValueSpecification","valueRequired":true,"valueName":"search_term_string"}}],"inLanguage":"en-US"}]}},"jetpack_sharing_enabled":true,"meta_box":[],"_links":{"self":[{"href":"https:\/\/www.noatum-unicargas-logistics.ao\/pt-pt\/wp-json\/wp\/v2\/pages\/167","targetHints":{"allow":["GET"]}}],"collection":[{"href":"https:\/\/www.noatum-unicargas-logistics.ao\/pt-pt\/wp-json\/wp\/v2\/pages"}],"about":[{"href":"https:\/\/www.noatum-unicargas-logistics.ao\/pt-pt\/wp-json\/wp\/v2\/types\/page"}],"author":[{"embeddable":true,"href":"https:\/\/www.noatum-unicargas-logistics.ao\/pt-pt\/wp-json\/wp\/v2\/users\/20"}],"replies":[{"embeddable":true,"href":"https:\/\/www.noatum-unicargas-logistics.ao\/pt-pt\/wp-json\/wp\/v2\/comments?post=167"}],"version-history":[{"count":7,"href":"https:\/\/www.noatum-unicargas-logistics.ao\/pt-pt\/wp-json\/wp\/v2\/pages\/167\/revisions"}],"predecessor-version":[{"id":286,"href":"https:\/\/www.noatum-unicargas-logistics.ao\/pt-pt\/wp-json\/wp\/v2\/pages\/167\/revisions\/286"}],"wp:attachment":[{"href":"https:\/\/www.noatum-unicargas-logistics.ao\/pt-pt\/wp-json\/wp\/v2\/media?parent=167"}],"curies":[{"name":"wp","href":"https:\/\/api.w.org\/{rel}","templated":true}]}}