{"id":107,"date":"2025-12-30T12:54:58","date_gmt":"2025-12-30T12:54:58","guid":{"rendered":"https:\/\/wpvip.adportsgroup.com\/noatummaritime\/?page_id=107"},"modified":"2026-01-15T12:19:13","modified_gmt":"2026-01-15T12:19:13","slug":"servicos","status":"publish","type":"page","link":"https:\/\/www.noatum-unicargas-logistics.ao\/pt-pt\/servicos\/","title":{"rendered":"SERVI\u00c7OS"},"content":{"rendered":"\r\n<section class=\"logistics-services\" class=\"wp-block-meta-box-logistics-services\">\r\n\t\t\t<h1 class=\"main-heading\">Servi\u00e7os De Log\u00edstica<\/h1>\r\n\t\t<div class=\"boxes-grid logisvc-container\">\r\n\r\n\t\t\t\t\t\r\n\t\t\t\t\r\n\t\t\t\t<div class=\"box\">\r\n\t\t\t\t\t<div class=\"box-items\">\r\n\r\n\t\t\t\t\t\t\t\t\t\t\t\t\t<img decoding=\"async\" class=\"box-items-image\"\r\n\t\t\t\t\t\t\t\t src=\"https:\/\/www.noatum-unicargas-logistics.ao\/pt-pt\/wp-content\/uploads\/sites\/7\/2026\/01\/air-freight.png\"\r\n\t\t\t\t\t\t\t\t alt=\"FRETE A\u00c9REO\">\r\n\t\t\t\t\t\t\r\n\t\t\t\t\t\t\t\t\t\t\t\t\t<img decoding=\"async\" class=\"logisvc-arrow\"\r\n\t\t\t\t\t\t\t\t src=\"https:\/\/www.noatum-unicargas-logistics.ao\/pt-pt\/wp-content\/uploads\/sites\/7\/2026\/01\/download-1.png?w=16&#038;h=16&#038;crop=1\"\r\n\t\t\t\t\t\t\t\t alt=\"\">\r\n\t\t\t\t\t\t\r\n\t\t\t\t\t\t\t\t\t\t\t\t\t\t\t\t\t\t\t\t\t<a href=\"https:\/\/www.noatum-unicargas-logistics.ao\/pt-pt\/frete-aereo\/\">\r\n\t\t\t\t\t\t\t\t\tFRETE A\u00c9REO\t\t\t\t\t\t\t\t<\/a>\r\n\t\t\t\t\t\t\t\t\t\t\t\t\t\r\n\t\t\t\t\t<\/div>\r\n\t\t\t\t<\/div>\r\n\r\n\t\t\t\r\n\t\t\t\t\r\n\t\t\t\t<div class=\"box\">\r\n\t\t\t\t\t<div class=\"box-items\">\r\n\r\n\t\t\t\t\t\t\t\t\t\t\t\t\t<img decoding=\"async\" class=\"box-items-image\"\r\n\t\t\t\t\t\t\t\t src=\"https:\/\/www.noatum-unicargas-logistics.ao\/pt-pt\/wp-content\/uploads\/sites\/7\/2026\/01\/ocean-frieght.webp\"\r\n\t\t\t\t\t\t\t\t alt=\"FRETE MAR\u00cdTIMO\">\r\n\t\t\t\t\t\t\r\n\t\t\t\t\t\t\t\t\t\t\t\t\t<img decoding=\"async\" class=\"logisvc-arrow\"\r\n\t\t\t\t\t\t\t\t src=\"https:\/\/www.noatum-unicargas-logistics.ao\/pt-pt\/wp-content\/uploads\/sites\/7\/2026\/01\/download-1.png?w=16&#038;h=16&#038;crop=1\"\r\n\t\t\t\t\t\t\t\t alt=\"\">\r\n\t\t\t\t\t\t\r\n\t\t\t\t\t\t\t\t\t\t\t\t\t\t\t\t\t\t\t\t\t<a href=\"https:\/\/www.noatum-unicargas-logistics.ao\/pt-pt\/frete-maritimo\/\">\r\n\t\t\t\t\t\t\t\t\tFRETE MAR\u00cdTIMO\t\t\t\t\t\t\t\t<\/a>\r\n\t\t\t\t\t\t\t\t\t\t\t\t\t\r\n\t\t\t\t\t<\/div>\r\n\t\t\t\t<\/div>\r\n\r\n\t\t\t\r\n\t\t\t\t\r\n\t\t\t\t<div class=\"box\">\r\n\t\t\t\t\t<div class=\"box-items\">\r\n\r\n\t\t\t\t\t\t\t\t\t\t\t\t\t<img decoding=\"async\" class=\"box-items-image\"\r\n\t\t\t\t\t\t\t\t src=\"https:\/\/www.noatum-unicargas-logistics.ao\/pt-pt\/wp-content\/uploads\/sites\/7\/2026\/01\/inland-transportation.png\"\r\n\t\t\t\t\t\t\t\t alt=\"TRANSPORTE RODOVI\u00c1RIO E FRETE FERROVI\u00c1RIO\">\r\n\t\t\t\t\t\t\r\n\t\t\t\t\t\t\t\t\t\t\t\t\t<img decoding=\"async\" class=\"logisvc-arrow\"\r\n\t\t\t\t\t\t\t\t src=\"https:\/\/www.noatum-unicargas-logistics.ao\/pt-pt\/wp-content\/uploads\/sites\/7\/2026\/01\/download-1.png?w=16&#038;h=16&#038;crop=1\"\r\n\t\t\t\t\t\t\t\t alt=\"\">\r\n\t\t\t\t\t\t\r\n\t\t\t\t\t\t\t\t\t\t\t\t\t\t\t\t\t\t\t\t\t<a href=\"https:\/\/www.noatum-unicargas-logistics.ao\/pt-pt\/transporte-rodoviario-e-frete-ferroviario\/\">\r\n\t\t\t\t\t\t\t\t\tTRANSPORTE RODOVI\u00c1RIO E FRETE FERROVI\u00c1RIO\t\t\t\t\t\t\t\t<\/a>\r\n\t\t\t\t\t\t\t\t\t\t\t\t\t\r\n\t\t\t\t\t<\/div>\r\n\t\t\t\t<\/div>\r\n\r\n\t\t\t\r\n\t\t\t\t\r\n\t\t\t\t<div class=\"box box-border-right\">\r\n\t\t\t\t\t<div class=\"box-items\">\r\n\r\n\t\t\t\t\t\t\t\t\t\t\t\t\t<img decoding=\"async\" class=\"box-items-image\"\r\n\t\t\t\t\t\t\t\t src=\"https:\/\/www.noatum-unicargas-logistics.ao\/pt-pt\/wp-content\/uploads\/sites\/7\/2026\/01\/warehousing.png\"\r\n\t\t\t\t\t\t\t\t alt=\"ARMAZENAMENTO E DISTRIBUI\u00c7\u00c3O\">\r\n\t\t\t\t\t\t\r\n\t\t\t\t\t\t\t\t\t\t\t\t\t<img decoding=\"async\" class=\"logisvc-arrow\"\r\n\t\t\t\t\t\t\t\t src=\"https:\/\/www.noatum-unicargas-logistics.ao\/pt-pt\/wp-content\/uploads\/sites\/7\/2026\/01\/download-1.png?w=16&#038;h=16&#038;crop=1\"\r\n\t\t\t\t\t\t\t\t alt=\"\">\r\n\t\t\t\t\t\t\r\n\t\t\t\t\t\t\t\t\t\t\t\t\t\t\t\t\t\t\t\t\t<a href=\"https:\/\/www.noatum-unicargas-logistics.ao\/pt-pt\/armazenamento-e-distribuicao\/\">\r\n\t\t\t\t\t\t\t\t\tARMAZENAMENTO E DISTRIBUI\u00c7\u00c3O\t\t\t\t\t\t\t\t<\/a>\r\n\t\t\t\t\t\t\t\t\t\t\t\t\t\r\n\t\t\t\t\t<\/div>\r\n\t\t\t\t<\/div>\r\n\r\n\t\t\t\r\n\t\t\t\t\r\n\t\t\t\t<div class=\"box box-border-bottom\">\r\n\t\t\t\t\t<div class=\"box-items\">\r\n\r\n\t\t\t\t\t\t\t\t\t\t\t\t\t<img decoding=\"async\" class=\"box-items-image\"\r\n\t\t\t\t\t\t\t\t src=\"https:\/\/www.noatum-unicargas-logistics.ao\/pt-pt\/wp-content\/uploads\/sites\/7\/2026\/01\/custom-broker.webp\"\r\n\t\t\t\t\t\t\t\t alt=\"AGENTE ADUANEIRO\">\r\n\t\t\t\t\t\t\r\n\t\t\t\t\t\t\t\t\t\t\t\t\t<img decoding=\"async\" class=\"logisvc-arrow\"\r\n\t\t\t\t\t\t\t\t src=\"https:\/\/www.noatum-unicargas-logistics.ao\/pt-pt\/wp-content\/uploads\/sites\/7\/2026\/01\/download-1.png?w=16&#038;h=16&#038;crop=1\"\r\n\t\t\t\t\t\t\t\t alt=\"\">\r\n\t\t\t\t\t\t\r\n\t\t\t\t\t\t\t\t\t\t\t\t\t\t\t\t\t\t\t\t\t<a href=\"https:\/\/www.noatum-unicargas-logistics.ao\/pt-pt\/agente-aduaneiro\/\">\r\n\t\t\t\t\t\t\t\t\tAGENTE ADUANEIRO\t\t\t\t\t\t\t\t<\/a>\r\n\t\t\t\t\t\t\t\t\t\t\t\t\t\r\n\t\t\t\t\t<\/div>\r\n\t\t\t\t<\/div>\r\n\r\n\t\t\t\r\n\t\t\t\t\r\n\t\t\t\t<div class=\"box box-border-bottom\">\r\n\t\t\t\t\t<div class=\"box-items\">\r\n\r\n\t\t\t\t\t\t\t\t\t\t\t\t\t<img decoding=\"async\" class=\"box-items-image\"\r\n\t\t\t\t\t\t\t\t src=\"https:\/\/www.noatum-unicargas-logistics.ao\/pt-pt\/wp-content\/uploads\/sites\/7\/2026\/01\/oil-gas.png\"\r\n\t\t\t\t\t\t\t\t alt=\"SERVI\u00c7OS DE PETR\u00d3LEO E G\u00c1S\">\r\n\t\t\t\t\t\t\r\n\t\t\t\t\t\t\t\t\t\t\t\t\t<img decoding=\"async\" class=\"logisvc-arrow\"\r\n\t\t\t\t\t\t\t\t src=\"https:\/\/www.noatum-unicargas-logistics.ao\/pt-pt\/wp-content\/uploads\/sites\/7\/2026\/01\/download-1.png?w=16&#038;h=16&#038;crop=1\"\r\n\t\t\t\t\t\t\t\t alt=\"\">\r\n\t\t\t\t\t\t\r\n\t\t\t\t\t\t\t\t\t\t\t\t\t\t\t\t\t\t\t\t\t<a href=\"https:\/\/www.noatum-unicargas-logistics.ao\/pt-pt\/servicos-de-petroleo-e-gas\/\">\r\n\t\t\t\t\t\t\t\t\tSERVI\u00c7OS DE PETR\u00d3LEO E G\u00c1S\t\t\t\t\t\t\t\t<\/a>\r\n\t\t\t\t\t\t\t\t\t\t\t\t\t\r\n\t\t\t\t\t<\/div>\r\n\t\t\t\t<\/div>\r\n\r\n\t\t\t\r\n\t\t\t\t\r\n\t\t\t\t<div class=\"box box-border-bottom\">\r\n\t\t\t\t\t<div class=\"box-items\">\r\n\r\n\t\t\t\t\t\t\t\t\t\t\t\t\t<img decoding=\"async\" class=\"box-items-image\"\r\n\t\t\t\t\t\t\t\t src=\"https:\/\/www.noatum-unicargas-logistics.ao\/pt-pt\/wp-content\/uploads\/sites\/7\/2026\/01\/logistics.webp\"\r\n\t\t\t\t\t\t\t\t alt=\"CENTROS LOG\u00cdSTICOS\">\r\n\t\t\t\t\t\t\r\n\t\t\t\t\t\t\t\t\t\t\t\t\t<img decoding=\"async\" class=\"logisvc-arrow\"\r\n\t\t\t\t\t\t\t\t src=\"https:\/\/www.noatum-unicargas-logistics.ao\/pt-pt\/wp-content\/uploads\/sites\/7\/2026\/01\/download-1.png?w=16&#038;h=16&#038;crop=1\"\r\n\t\t\t\t\t\t\t\t alt=\"\">\r\n\t\t\t\t\t\t\r\n\t\t\t\t\t\t\t\t\t\t\t\t\t\t\t\t\t\t\t\t\t<a href=\"https:\/\/www.noatum-unicargas-logistics.ao\/pt-pt\/centros-logisticos\/\">\r\n\t\t\t\t\t\t\t\t\tCENTROS LOG\u00cdSTICOS\t\t\t\t\t\t\t\t<\/a>\r\n\t\t\t\t\t\t\t\t\t\t\t\t\t\r\n\t\t\t\t\t<\/div>\r\n\t\t\t\t<\/div>\r\n\r\n\t\t\t\r\n\t\t\t\t\r\n\t\t\t\t<div class=\"box box-border-right box-border-bottom\">\r\n\t\t\t\t\t<div class=\"box-items\">\r\n\r\n\t\t\t\t\t\t\t\t\t\t\t\t\t<img decoding=\"async\" class=\"box-items-image\"\r\n\t\t\t\t\t\t\t\t src=\"https:\/\/www.noatum-unicargas-logistics.ao\/pt-pt\/wp-content\/uploads\/sites\/7\/2026\/01\/comprehensive-1.webp\"\r\n\t\t\t\t\t\t\t\t alt=\"SOLU\u00c7\u00d5ES LOG\u00cdSTICAS COMPLETAS\">\r\n\t\t\t\t\t\t\r\n\t\t\t\t\t\t\t\t\t\t\t\t\t<img decoding=\"async\" class=\"logisvc-arrow\"\r\n\t\t\t\t\t\t\t\t src=\"https:\/\/www.noatum-unicargas-logistics.ao\/pt-pt\/wp-content\/uploads\/sites\/7\/2026\/01\/download-1.png?w=16&#038;h=16&#038;crop=1\"\r\n\t\t\t\t\t\t\t\t alt=\"\">\r\n\t\t\t\t\t\t\r\n\t\t\t\t\t\t\t\t\t\t\t\t\t\t\t\t\t\t\t\t\t<a href=\"https:\/\/www.noatum-unicargas-logistics.ao\/pt-pt\/solucoes-logisticas-completas\/\">\r\n\t\t\t\t\t\t\t\t\tSOLU\u00c7\u00d5ES LOG\u00cdSTICAS COMPLETAS\t\t\t\t\t\t\t\t<\/a>\r\n\t\t\t\t\t\t\t\t\t\t\t\t\t\r\n\t\t\t\t\t<\/div>\r\n\t\t\t\t<\/div>\r\n\r\n\t\t\t\t\t\r\n\t<\/div>\r\n\t\t\t<img\r\n\t\t\tsrc=\"https:\/\/www.noatum-unicargas-logistics.ao\/pt-pt\/wp-content\/uploads\/sites\/7\/2026\/01\/servicestop.webp\"\r\n\t\t\talt=\"servicestop\"\r\n\t\t\tclass=\"logisvc_arc\"\r\n\t\t\/>\t\r\n\t<\/section>\n\n\n<section class=\"logistics-solutions-section\"  class=\"wp-block-meta-box-editorial-text\">\n\t<div class=\"container\">\n\t\t<div class=\"hero-content-wrapper\">\n\t\t\t\t\n\t\t\t<div class=\"row\">\n\t\t\t\t<div class=\"col-12\">\n\t\t\t\t\t\t\t\t\t\t\t<h1 class=\"logistics-solutions-title\">Gerimos cada etapa da sua cadeia de abastecimento com compet\u00eancia<\/h1>\n\t\t\t\t\t\t\t\t\t\t<\/h1>\n\t\t\t\t<\/div>\n\t\t\t<\/div>\n\t\t\t<div class=\"row mt-5\">\n\t\t\t\t<div class=\"col-lg-12\">\n\t\t\t\t\t<p class=\"logistics-solutions-description\">\n\t\t\t\t\t\tOferecemos um servi\u00e7o sistem\u00e1tico e integrado, estabelecendo liga\u00e7\u00f5es importantes entre os nossos clientes, as autoridades e os principais intervenientes na cadeia de importa\u00e7\u00e3o-exporta\u00e7\u00e3o.\r\n\r\nComo empresa de log\u00edstica l\u00edder no mercado angolano, possu\u00edmos um conhecimento intr\u00ednseco e profundo da complexidade social do pa\u00eds, como as quest\u00f5es de infraestruturas b\u00e1sicas e a legisla\u00e7\u00e3o em vigor.\r\n\r\nEnfrentamos os desafios e imprevistos inerentes ao transporte de bens e mercadorias, aproveitando o nosso conhecimento e gest\u00e3o das v\u00e1rias redes de transporte e do seu funcionamento, dos v\u00e1rios e mais otimizados custos de frete, e do armazenamento tempor\u00e1rio de cargas em perfeitas condi\u00e7\u00f5es de seguran\u00e7a e conserva\u00e7\u00e3o.\r\n\r\nCom a Noatum Unicargas Logistics, quer a sua carga quer o seu neg\u00f3cio estar\u00e3o em boas m\u00e3os para continuarmos a crescer juntos.\t\t\t\t\t<\/p>\n\t\t\t\t<\/div>\n\t\t\t\t\t\t\t<\/div>\n\t\t<\/div>\n\t<\/div>\n\t<\/section>","protected":false},"excerpt":{"rendered":"","protected":false},"author":20,"featured_media":0,"parent":0,"menu_order":0,"comment_status":"closed","ping_status":"closed","template":"","meta":{"_acf_changed":false,"_trash_the_other_posts":false,"editor_notices":[],"footnotes":""},"class_list":["post-107","page","type-page","status-publish","hentry"],"acf":[],"yoast_head":"<!-- This site is optimized with the Yoast SEO plugin v27.4 - https:\/\/yoast.com\/product\/yoast-seo-wordpress\/ -->\n<title>SERVI\u00c7OS - noatum unicargas<\/title>\n<meta name=\"robots\" content=\"index, follow, max-snippet:-1, max-image-preview:large, max-video-preview:-1\" \/>\n<link rel=\"canonical\" href=\"https:\/\/www.noatum-unicargas-logistics.ao\/pt-pt\/servicos\/\" \/>\n<meta property=\"og:locale\" content=\"en_US\" \/>\n<meta property=\"og:type\" content=\"article\" \/>\n<meta property=\"og:title\" content=\"SERVI\u00c7OS - noatum unicargas\" \/>\n<meta property=\"og:url\" content=\"https:\/\/www.noatum-unicargas-logistics.ao\/pt-pt\/servicos\/\" \/>\n<meta property=\"og:site_name\" content=\"Noatum PT\" \/>\n<meta property=\"article:modified_time\" content=\"2026-01-15T12:19:13+00:00\" \/>\n<meta name=\"twitter:card\" content=\"summary_large_image\" \/>\n<script type=\"application\/ld+json\" class=\"yoast-schema-graph\">{\"@context\":\"https:\\\/\\\/schema.org\",\"@graph\":[{\"@type\":\"WebPage\",\"@id\":\"https:\\\/\\\/www.noatum-unicargas-logistics.ao\\\/pt-pt\\\/servicos\\\/\",\"url\":\"https:\\\/\\\/www.noatum-unicargas-logistics.ao\\\/pt-pt\\\/servicos\\\/\",\"name\":\"SERVI\u00c7OS - noatum unicargas\",\"isPartOf\":{\"@id\":\"https:\\\/\\\/www.noatum-unicargas-logistics.ao\\\/pt-pt\\\/#website\"},\"datePublished\":\"2025-12-30T12:54:58+00:00\",\"dateModified\":\"2026-01-15T12:19:13+00:00\",\"breadcrumb\":{\"@id\":\"https:\\\/\\\/www.noatum-unicargas-logistics.ao\\\/pt-pt\\\/servicos\\\/#breadcrumb\"},\"inLanguage\":\"en-US\",\"potentialAction\":[{\"@type\":\"ReadAction\",\"target\":[\"https:\\\/\\\/www.noatum-unicargas-logistics.ao\\\/pt-pt\\\/servicos\\\/\"]}]},{\"@type\":\"BreadcrumbList\",\"@id\":\"https:\\\/\\\/www.noatum-unicargas-logistics.ao\\\/pt-pt\\\/servicos\\\/#breadcrumb\",\"itemListElement\":[{\"@type\":\"ListItem\",\"position\":1,\"name\":\"Home\",\"item\":\"https:\\\/\\\/www.noatum-unicargas-logistics.ao\\\/pt-pt\\\/\"},{\"@type\":\"ListItem\",\"position\":2,\"name\":\"SERVI\u00c7OS\"}]},{\"@type\":\"WebSite\",\"@id\":\"https:\\\/\\\/www.noatum-unicargas-logistics.ao\\\/pt-pt\\\/#website\",\"url\":\"https:\\\/\\\/www.noatum-unicargas-logistics.ao\\\/pt-pt\\\/\",\"name\":\"Noatum PT\",\"description\":\"\",\"potentialAction\":[{\"@type\":\"SearchAction\",\"target\":{\"@type\":\"EntryPoint\",\"urlTemplate\":\"https:\\\/\\\/www.noatum-unicargas-logistics.ao\\\/pt-pt\\\/?s={search_term_string}\"},\"query-input\":{\"@type\":\"PropertyValueSpecification\",\"valueRequired\":true,\"valueName\":\"search_term_string\"}}],\"inLanguage\":\"en-US\"}]}<\/script>\n<!-- \/ Yoast SEO plugin. -->","yoast_head_json":{"title":"SERVI\u00c7OS - noatum unicargas","robots":{"index":"index","follow":"follow","max-snippet":"max-snippet:-1","max-image-preview":"max-image-preview:large","max-video-preview":"max-video-preview:-1"},"canonical":"https:\/\/www.noatum-unicargas-logistics.ao\/pt-pt\/servicos\/","og_locale":"en_US","og_type":"article","og_title":"SERVI\u00c7OS - noatum unicargas","og_url":"https:\/\/www.noatum-unicargas-logistics.ao\/pt-pt\/servicos\/","og_site_name":"Noatum PT","article_modified_time":"2026-01-15T12:19:13+00:00","twitter_card":"summary_large_image","schema":{"@context":"https:\/\/schema.org","@graph":[{"@type":"WebPage","@id":"https:\/\/www.noatum-unicargas-logistics.ao\/pt-pt\/servicos\/","url":"https:\/\/www.noatum-unicargas-logistics.ao\/pt-pt\/servicos\/","name":"SERVI\u00c7OS - noatum unicargas","isPartOf":{"@id":"https:\/\/www.noatum-unicargas-logistics.ao\/pt-pt\/#website"},"datePublished":"2025-12-30T12:54:58+00:00","dateModified":"2026-01-15T12:19:13+00:00","breadcrumb":{"@id":"https:\/\/www.noatum-unicargas-logistics.ao\/pt-pt\/servicos\/#breadcrumb"},"inLanguage":"en-US","potentialAction":[{"@type":"ReadAction","target":["https:\/\/www.noatum-unicargas-logistics.ao\/pt-pt\/servicos\/"]}]},{"@type":"BreadcrumbList","@id":"https:\/\/www.noatum-unicargas-logistics.ao\/pt-pt\/servicos\/#breadcrumb","itemListElement":[{"@type":"ListItem","position":1,"name":"Home","item":"https:\/\/www.noatum-unicargas-logistics.ao\/pt-pt\/"},{"@type":"ListItem","position":2,"name":"SERVI\u00c7OS"}]},{"@type":"WebSite","@id":"https:\/\/www.noatum-unicargas-logistics.ao\/pt-pt\/#website","url":"https:\/\/www.noatum-unicargas-logistics.ao\/pt-pt\/","name":"Noatum PT","description":"","potentialAction":[{"@type":"SearchAction","target":{"@type":"EntryPoint","urlTemplate":"https:\/\/www.noatum-unicargas-logistics.ao\/pt-pt\/?s={search_term_string}"},"query-input":{"@type":"PropertyValueSpecification","valueRequired":true,"valueName":"search_term_string"}}],"inLanguage":"en-US"}]}},"jetpack_sharing_enabled":true,"meta_box":[],"_links":{"self":[{"href":"https:\/\/www.noatum-unicargas-logistics.ao\/pt-pt\/wp-json\/wp\/v2\/pages\/107","targetHints":{"allow":["GET"]}}],"collection":[{"href":"https:\/\/www.noatum-unicargas-logistics.ao\/pt-pt\/wp-json\/wp\/v2\/pages"}],"about":[{"href":"https:\/\/www.noatum-unicargas-logistics.ao\/pt-pt\/wp-json\/wp\/v2\/types\/page"}],"author":[{"embeddable":true,"href":"https:\/\/www.noatum-unicargas-logistics.ao\/pt-pt\/wp-json\/wp\/v2\/users\/20"}],"replies":[{"embeddable":true,"href":"https:\/\/www.noatum-unicargas-logistics.ao\/pt-pt\/wp-json\/wp\/v2\/comments?post=107"}],"version-history":[{"count":12,"href":"https:\/\/www.noatum-unicargas-logistics.ao\/pt-pt\/wp-json\/wp\/v2\/pages\/107\/revisions"}],"predecessor-version":[{"id":279,"href":"https:\/\/www.noatum-unicargas-logistics.ao\/pt-pt\/wp-json\/wp\/v2\/pages\/107\/revisions\/279"}],"wp:attachment":[{"href":"https:\/\/www.noatum-unicargas-logistics.ao\/pt-pt\/wp-json\/wp\/v2\/media?parent=107"}],"curies":[{"name":"wp","href":"https:\/\/api.w.org\/{rel}","templated":true}]}}